{"id":6376,"date":"2021-09-09T09:30:05","date_gmt":"2021-09-09T09:30:05","guid":{"rendered":"https:\/\/www.in516ht.com\/?page_id=6376"},"modified":"2022-06-23T07:33:42","modified_gmt":"2022-06-23T07:33:42","slug":"starten-sie-ihre-snowflake-reise","status":"publish","type":"page","link":"https:\/\/www.in516ht.com\/de\/snowflake-services\/starten-sie-ihre-snowflake-reise\/","title":{"rendered":"Starten Sie Ihre Snowflake-Reise"},"content":{"rendered":"\n<div id=\"start\"><\/div>\n<style>\n#start {\n    display: block;\n    position: relative;\n    top: -150px;\n    visibility: hidden;\n}\n<\/style>\n\n\n\n<div class=\"wp-block-columns de-tabs-spacing is-layout-flex wp-container-5 wp-block-columns-is-layout-flex\">\n<div class=\"wp-block-column is-layout-flow wp-block-column-is-layout-flow\">\n<a href=\"\/de\/starten-sie-ihre-snowflake-reise\/#start\"><div class=\"de-tabs selected\"><span>Starten Sie Ihre Snowflake-Reise<\/span><\/div><\/a>\n<\/div>\n\n\n\n<div class=\"wp-block-column is-layout-flow wp-block-column-is-layout-flow\">\n<a href=\"\/de\/bereiten-sie-sich-auf-den-start-vor\/#start\"><div class=\"de-tabs\"><span>Bereiten Sie sich auf den Start vor<\/span><\/div><\/a>\n<\/div>\n\n\n\n<div class=\"wp-block-column is-layout-flow wp-block-column-is-layout-flow\">\n<a href=\"\/de\/aufwandsschaetzung\/#start\"><div class=\"de-tabs\"><span>Aufwandssch\u00e4tzung<\/span><\/div><\/a>\n<\/div>\n\n\n\n<div class=\"wp-block-column is-layout-flow wp-block-column-is-layout-flow\">\n<a href=\"\/de\/zweitmeinung\/#start\"><div class=\"de-tabs\"><span>Zweitmeinung<\/span><\/div><\/a>\n<\/div>\n<\/div>\n\n\n\n<div class=\"wp-block-columns de-tabs-spacing is-layout-flex wp-container-10 wp-block-columns-is-layout-flex\">\n<div class=\"wp-block-column is-layout-flow wp-block-column-is-layout-flow\">\n<a href=\"\/de\/snowflake-poc\/#start\"><div class=\"de-tabs\"><span>Snowflake POC<\/span><\/div><\/a>\n<\/div>\n\n\n\n<div class=\"wp-block-column is-layout-flow wp-block-column-is-layout-flow\">\n<a href=\"\/de\/qualitaetssicherung\/#start\"><div class=\"de-tabs\"><span>Qualit\u00e4tssicherung<\/span><\/div><\/a>\n<\/div>\n\n\n\n<div class=\"wp-block-column is-layout-flow wp-block-column-is-layout-flow\">\n<a href=\"\/de\/identifizieren-sie-neue-anwendungsfaelle\/#start\"><div class=\"de-tabs\"><span>Identifizieren Sie neue Anwendungsf\u00e4lle<\/span><\/div><\/a>\n<\/div>\n\n\n\n<div class=\"wp-block-column is-layout-flow wp-block-column-is-layout-flow\">\n<a href=\"\/de\/beschleunigen-sie-ihren-weg-zur-cloud\/#start\"><div class=\"de-tabs\"><span>Beschleunigen Sie Ihren Weg zur Cloud<\/span><\/div><\/a>\n<\/div>\n<\/div>\n\n\n\n<div class=\"wp-block-group accordion-wrapper de\"><div class=\"wp-block-group__inner-container is-layout-flow wp-block-group-is-layout-flow\">\n<h2 class=\"accordion-title de has-background wp-block-heading\" style=\"background-color:#e6ae1e\">#1 Kickstart your Snowflake journey<\/h2>\n\n\n\n<div style=\"height:10px\" aria-hidden=\"true\" class=\"wp-block-spacer\"><\/div>\n\n\n\n<p class=\"accordion-subtitle has-normal-font-size\"><strong>Enablement pack<\/strong><\/p>\n\n\n\n<div class=\"wp-block-columns is-layout-flex wp-container-13 wp-block-columns-is-layout-flex\">\n<div class=\"wp-block-column is-layout-flow wp-block-column-is-layout-flow\">\n<p>Sie haben gerade Ihre Cloud-Reise mit der Snowflake Data Cloud begonnen und es stellen sich viele Fragen. Holen Sie sich das Know-how, investieren Sie in Wissen und bef\u00e4higen Sie Ihr Team.<br><br>Schritt 1: Ein zweist\u00fcndiges Beratungsgespr\u00e4ch, bei dem alle Ihre Fragen und Bedenken gesammelt werden, um Ihre Pl\u00e4ne zu verstehen, Ihren Hintergrund zu pr\u00fcfen und Einblicke in Ihre derzeitige Aufstellung, Teamkompetenz und Erfahrung zu gewinnen. Anschlie\u00dfend organisieren wir 2-4-t\u00e4gige, ma\u00dfgeschneiderte Enablement-Workshops, bei denen erfahrene Snowflake-Experten Ihr Team begleiten, um den Startschuss f\u00fcr Ihre Snowflake-Reise zu geben.<\/p>\n<\/div>\n\n\n\n<div class=\"wp-block-column is-layout-flow wp-block-column-is-layout-flow\">\n<div class=\"wp-block-image\"><figure class=\"aligncenter size-large\"><img decoding=\"async\" loading=\"lazy\" width=\"208\" height=\"244\" src=\"https:\/\/in516ht.com\/insight-website\/wp-content\/uploads\/2021\/09\/Starten-ihre-Snowflake-Reise.svg\" alt=\"\" class=\"wp-image-6625\"\/><\/figure><\/div>\n<\/div>\n<\/div>\n\n\n\n<div class=\"wp-block-group\"><div class=\"wp-block-group__inner-container is-layout-flow wp-block-group-is-layout-flow\">\n<div class=\"wp-block-columns is-layout-flex wp-container-16 wp-block-columns-is-layout-flex\">\n<div class=\"wp-block-column accordion-column-bg is-layout-flow wp-block-column-is-layout-flow\">\n<p class=\"leading-text-block\">2-t\u00e4giger Workshop<\/p>\n\n\n\n<p>Ihr Team hat Snowflake-Einf\u00fchrungskurse absolviert, die Snowflake-Zertifizierung erhalten und wei\u00df, wie die Snowflake Data Cloud funktioniert.<br><br>Es verf\u00fcgt \u00fcber Kenntnisse \u00fcber die Snowflake-Benutzeroberfl\u00e4che, Benutzerrollen und Administration, DB-Navigation, Datenexploration, Warehouse-Konzepte, Objekterstellung, Daten-Staging, Datenspeicherung, Dateneingang und -transformation (strukturierte und halbstrukturierte Daten, Kosten\u00fcberwachung, Aktivit\u00e4ts\u00fcberwachung&#8230;).<br><br>Die erfahrenen Schulungsleiter von Snowflake gehen auf Ihre wichtigsten Fragen ein und bringen Sie auf die n\u00e4chste Stufe.<\/p>\n\n\n\n<div style=\"height:23px\" aria-hidden=\"true\" class=\"wp-block-spacer\"><\/div>\n\n\n\n<p><strong>ERGEBNISSE:<\/strong><\/p>\n\n\n\n<ul id=\"block-63e8f695-52c3-4d61-a59a-0b3a901155d6\" class=\"de-seznam semi-bold nunito\"><li>Sie k\u00f6nnen ihre zuk\u00fcnftige Referenzarchitektur bewerten.<\/li><li>Sie lernen Best Practices, potenzielle Fallstricke und m\u00f6gliche Optimierungen kennen.<\/li><li>Sie verstehen, wie man einen Code schreibt, um die Cloud-Ausgaben zu optimieren.<\/li><li>Sie wissen, wie man die einzigartigen Snowflake-Funktionen wie Time Travel, Multi-Cluster-Architektur und Skalierung nutzt.<\/li><li>Sie k\u00f6nnen eine moderne ELT-Pipeline mit Snowflake-Aufgaben und externen Funktionen aufbauen.<\/li><li>Sie lernen, wie man Datenmodelle erstellt, um moderne BI-Tools optimal zu nutzen.<\/li><\/ul>\n\n\n\n<p><strong>Erforderlicher Kenntnisstand:<\/strong><br>Die Schulung richtet sich an Personen, die bereits \u00fcber Snowflake-Kenntnisse verf\u00fcgen.<\/p>\n\n\n\n<p class=\"leading-text-block\">Pricing: 4.000 \u20ac<\/p>\n\n\n\n<div style=\"height:21px\" aria-hidden=\"true\" class=\"wp-block-spacer\"><\/div>\n\n\n\n<div class=\"menu-button\" style=\"margin: 0px;\"><a href=\"#\" data-toggle=\"modal\" data-target=\"#get-in-touch\" title=\"Get in touch\">Get in touch<\/a><\/div>\n<\/div>\n\n\n\n<div class=\"wp-block-column accordion-column-bg is-layout-flow wp-block-column-is-layout-flow\">\n<p class=\"leading-text-block\">4-t\u00e4giger Workshop<\/p>\n\n\n\n<p>Lesen Sie weiter, wenn Ihr Team noch nicht mit Cloud-L\u00f6sungen vertraut ist. Es arbeitetet mit traditionellen Analysel\u00f6sungen vor allem \u201eOn-Premises\u201c und hat beschlossen, seine Cloud-Reise zu starten. Sie haben an Schulungen im Selbststudium teilgenommen, um ein grundlegendes Verst\u00e4ndnis der Konzepte der Snowflake Data Cloud zu erlangen. Ihr oberstes Ziel ist es, die Snowflake Data Cloud so weit zu erlernen, dass Ihr Team bereit ist, den n\u00e4chsten Schritt zu machen, sich zertifizieren zu lassen und das Wissen \u00fcber neue Cloud-Konzepte zu nutzen (wie man Daten schnell und effizient von On-Premises in die Cloud verschiebt, wie man so viel wie m\u00f6glich automatisiert, wie man einen neuen modernen ELT-Ansatz statt ETL einf\u00fchrt, um Cloud-Ressourcen so gut wie m\u00f6glich zu nutzen, wie man einen optimalen Code schreibt, \u2026)<\/p>\n\n\n\n<p>Auf der Grundlage Ihrer aktuellen Konfiguration schlagen wir Ihnen eine neue moderne Cloud-Architektur vor. Die fachkundigen Schulungsleiter von Snowflake werden die Schulung auf Ihre Bed\u00fcrfnisse zuschneiden, Ihre Mitarbeiter mit dem notwendigen Wissen ausstatten und alle Aspekte moderner Cloud-L\u00f6sungen und -Konzepte behandeln. Wir werden von der Theorie zu praktischen \u00dcbungen \u00fcbergehen (von Zero bis Snowflake).<\/p>\n\n\n\n<div style=\"height:23px\" aria-hidden=\"true\" class=\"wp-block-spacer\"><\/div>\n\n\n\n<p><strong>ERGEBNISSE:<\/strong><\/p>\n\n\n\n<ul id=\"block-08fcda85-d1ba-4044-b6ef-22feac6e7941\" class=\"de-seznam semi-bold nunito\"><li>Sie lernen, wie man eine schrittweise Migration\/einen Greenfield-Ansatz zur Cloud plant.<\/li><li>Sie lernen, welche Schritte in welcher Reihenfolge zu unternehmen sind.<\/li><li>Sie lernen, welche modernen Tools zur Verf\u00fcgung stehen und wie sie genutzt werden.<\/li><li>Sie sind \u00fcber die zu erwartenden Kosten f\u00fcr Cloud-Ressourcen informiert.<\/li><li>Sie lernen Best Practices, potenzielle Herausforderungen und Chancen kennen.<\/li><li>Sie wissen, wie man einen Code schreibt, um die Cloud-Ausgaben zu optimieren.<\/li><li>Sie verstehen, wie man die einzigartigen Snowflake-Funktionen wie Time Travel, Multi-Cluster-Architektur, Skalierung usw. nutzt.<\/li><li>Sie lernen, wie man eine moderne ELT-Pipeline aufbaut und Datenmodelle erstellt, um moderne BI-Tools optimal zu nutzen.<\/li><\/ul>\n\n\n\n<p><strong>Wer sollte teilnehmen (technische Schulung)?<\/strong><br>Datenanalysten, Dateningenieure, Datenwissenschaftler, Data-Warehouse-Architekten, Datenbankadministratoren, BI-Anwender<\/p>\n\n\n\n<p><strong>Erforderlicher Kenntnisstand:<\/strong><br>Die Schulung richtet sich an Personen mit grundlegenden Snowflake-Kenntnissen.<\/p>\n\n\n\n<p class=\"leading-text-block\">Pricing: 7.000 \u20ac<\/p>\n\n\n\n<div style=\"height:21px\" aria-hidden=\"true\" class=\"wp-block-spacer\"><\/div>\n\n\n\n<div class=\"menu-button\" style=\"margin: 0px;\"><a href=\"#\" data-toggle=\"modal\" data-target=\"#get-in-touch\" title=\"Get in touch\">Get in touch<\/a><\/div>\n\n\n\n<div style=\"height:15px\" aria-hidden=\"true\" class=\"wp-block-spacer\"><\/div>\n<\/div>\n<\/div>\n\n\n\n<div style=\"height:30px\" aria-hidden=\"true\" class=\"wp-block-spacer\"><\/div>\n<\/div><\/div>\n<\/div><\/div>\n","protected":false},"excerpt":{"rendered":"<p>Starten Sie Ihre Snowflake-Reise Bereiten Sie sich auf den Start vor Aufwandssch\u00e4tzung Zweitmeinung Snowflake POC Qualit\u00e4tssicherung Identifizieren Sie neue Anwendungsf\u00e4lle Beschleunigen Sie Ihren Weg zur Cloud #1 Kickstart your Snowflake journey Enablement pack Sie haben gerade Ihre Cloud-Reise mit der Snowflake Data Cloud begonnen und es stellen sich viele Fragen. Holen Sie sich das Know-how, [&hellip;]<\/p>\n","protected":false},"author":1,"featured_media":0,"parent":9122,"menu_order":0,"comment_status":"closed","ping_status":"closed","template":"","meta":{"inline_featured_image":false,"footnotes":""},"acf":[],"yoast_head":"<!-- This site is optimized with the Yoast SEO plugin v21.9.1 - https:\/\/yoast.com\/wordpress\/plugins\/seo\/ -->\n<title>Starten Sie Ihre Snowflake-Reise - IN516HT<\/title>\n<meta name=\"robots\" content=\"index, follow, max-snippet:-1, max-image-preview:large, max-video-preview:-1\" \/>\n<link rel=\"canonical\" href=\"https:\/\/www.in516ht.com\/de\/snowflake-services\/starten-sie-ihre-snowflake-reise\/\" \/>\n<meta property=\"og:locale\" content=\"de_DE\" \/>\n<meta property=\"og:type\" content=\"article\" \/>\n<meta property=\"og:title\" content=\"Starten Sie Ihre Snowflake-Reise - IN516HT\" \/>\n<meta property=\"og:description\" content=\"Starten Sie Ihre Snowflake-Reise Bereiten Sie sich auf den Start vor Aufwandssch\u00e4tzung Zweitmeinung Snowflake POC Qualit\u00e4tssicherung Identifizieren Sie neue Anwendungsf\u00e4lle Beschleunigen Sie Ihren Weg zur Cloud #1 Kickstart your Snowflake journey Enablement pack Sie haben gerade Ihre Cloud-Reise mit der Snowflake Data Cloud begonnen und es stellen sich viele Fragen. Holen Sie sich das Know-how, [&hellip;]\" \/>\n<meta property=\"og:url\" content=\"https:\/\/www.in516ht.com\/de\/snowflake-services\/starten-sie-ihre-snowflake-reise\/\" \/>\n<meta property=\"og:site_name\" content=\"IN516HT\" \/>\n<meta property=\"article:modified_time\" content=\"2022-06-23T07:33:42+00:00\" \/>\n<meta property=\"og:image\" content=\"https:\/\/in516ht.com\/insight-website\/wp-content\/uploads\/2021\/09\/Starten-ihre-Snowflake-Reise.svg\" \/>\n<meta name=\"twitter:card\" content=\"summary_large_image\" \/>\n<meta name=\"twitter:label1\" content=\"Est. reading time\" \/>\n\t<meta name=\"twitter:data1\" content=\"3 minutes\" \/>\n<script type=\"application\/ld+json\" class=\"yoast-schema-graph\">{\"@context\":\"https:\/\/schema.org\",\"@graph\":[{\"@type\":\"WebPage\",\"@id\":\"https:\/\/www.in516ht.com\/de\/snowflake-services\/starten-sie-ihre-snowflake-reise\/\",\"url\":\"https:\/\/www.in516ht.com\/de\/snowflake-services\/starten-sie-ihre-snowflake-reise\/\",\"name\":\"Starten Sie Ihre Snowflake-Reise - IN516HT\",\"isPartOf\":{\"@id\":\"https:\/\/in516ht.com\/#website\"},\"datePublished\":\"2021-09-09T09:30:05+00:00\",\"dateModified\":\"2022-06-23T07:33:42+00:00\",\"breadcrumb\":{\"@id\":\"https:\/\/www.in516ht.com\/de\/snowflake-services\/starten-sie-ihre-snowflake-reise\/#breadcrumb\"},\"inLanguage\":\"de-DE\",\"potentialAction\":[{\"@type\":\"ReadAction\",\"target\":[\"https:\/\/www.in516ht.com\/de\/snowflake-services\/starten-sie-ihre-snowflake-reise\/\"]}]},{\"@type\":\"BreadcrumbList\",\"@id\":\"https:\/\/www.in516ht.com\/de\/snowflake-services\/starten-sie-ihre-snowflake-reise\/#breadcrumb\",\"itemListElement\":[{\"@type\":\"ListItem\",\"position\":1,\"name\":\"Home\",\"item\":\"https:\/\/in516ht.com\/de\/\"},{\"@type\":\"ListItem\",\"position\":2,\"name\":\"Snowflake services\",\"item\":\"https:\/\/in516ht.com\/de\/snowflake-services\/\"},{\"@type\":\"ListItem\",\"position\":3,\"name\":\"Starten Sie Ihre Snowflake-Reise\"}]},{\"@type\":\"WebSite\",\"@id\":\"https:\/\/in516ht.com\/#website\",\"url\":\"https:\/\/in516ht.com\/\",\"name\":\"IN516HT\",\"description\":\"\",\"potentialAction\":[{\"@type\":\"SearchAction\",\"target\":{\"@type\":\"EntryPoint\",\"urlTemplate\":\"https:\/\/in516ht.com\/?s={search_term_string}\"},\"query-input\":\"required name=search_term_string\"}],\"inLanguage\":\"de-DE\"}]}<\/script>\n<!-- \/ Yoast SEO plugin. -->","yoast_head_json":{"title":"Starten Sie Ihre Snowflake-Reise - IN516HT","robots":{"index":"index","follow":"follow","max-snippet":"max-snippet:-1","max-image-preview":"max-image-preview:large","max-video-preview":"max-video-preview:-1"},"canonical":"https:\/\/www.in516ht.com\/de\/snowflake-services\/starten-sie-ihre-snowflake-reise\/","og_locale":"de_DE","og_type":"article","og_title":"Starten Sie Ihre Snowflake-Reise - IN516HT","og_description":"Starten Sie Ihre Snowflake-Reise Bereiten Sie sich auf den Start vor Aufwandssch\u00e4tzung Zweitmeinung Snowflake POC Qualit\u00e4tssicherung Identifizieren Sie neue Anwendungsf\u00e4lle Beschleunigen Sie Ihren Weg zur Cloud #1 Kickstart your Snowflake journey Enablement pack Sie haben gerade Ihre Cloud-Reise mit der Snowflake Data Cloud begonnen und es stellen sich viele Fragen. Holen Sie sich das Know-how, [&hellip;]","og_url":"https:\/\/www.in516ht.com\/de\/snowflake-services\/starten-sie-ihre-snowflake-reise\/","og_site_name":"IN516HT","article_modified_time":"2022-06-23T07:33:42+00:00","og_image":[{"url":"https:\/\/in516ht.com\/insight-website\/wp-content\/uploads\/2021\/09\/Starten-ihre-Snowflake-Reise.svg"}],"twitter_card":"summary_large_image","twitter_misc":{"Est. reading time":"3 minutes"},"schema":{"@context":"https:\/\/schema.org","@graph":[{"@type":"WebPage","@id":"https:\/\/www.in516ht.com\/de\/snowflake-services\/starten-sie-ihre-snowflake-reise\/","url":"https:\/\/www.in516ht.com\/de\/snowflake-services\/starten-sie-ihre-snowflake-reise\/","name":"Starten Sie Ihre Snowflake-Reise - IN516HT","isPartOf":{"@id":"https:\/\/in516ht.com\/#website"},"datePublished":"2021-09-09T09:30:05+00:00","dateModified":"2022-06-23T07:33:42+00:00","breadcrumb":{"@id":"https:\/\/www.in516ht.com\/de\/snowflake-services\/starten-sie-ihre-snowflake-reise\/#breadcrumb"},"inLanguage":"de-DE","potentialAction":[{"@type":"ReadAction","target":["https:\/\/www.in516ht.com\/de\/snowflake-services\/starten-sie-ihre-snowflake-reise\/"]}]},{"@type":"BreadcrumbList","@id":"https:\/\/www.in516ht.com\/de\/snowflake-services\/starten-sie-ihre-snowflake-reise\/#breadcrumb","itemListElement":[{"@type":"ListItem","position":1,"name":"Home","item":"https:\/\/in516ht.com\/de\/"},{"@type":"ListItem","position":2,"name":"Snowflake services","item":"https:\/\/in516ht.com\/de\/snowflake-services\/"},{"@type":"ListItem","position":3,"name":"Starten Sie Ihre Snowflake-Reise"}]},{"@type":"WebSite","@id":"https:\/\/in516ht.com\/#website","url":"https:\/\/in516ht.com\/","name":"IN516HT","description":"","potentialAction":[{"@type":"SearchAction","target":{"@type":"EntryPoint","urlTemplate":"https:\/\/in516ht.com\/?s={search_term_string}"},"query-input":"required name=search_term_string"}],"inLanguage":"de-DE"}]}},"_links":{"self":[{"href":"https:\/\/www.in516ht.com\/de\/wp-json\/wp\/v2\/pages\/6376"}],"collection":[{"href":"https:\/\/www.in516ht.com\/de\/wp-json\/wp\/v2\/pages"}],"about":[{"href":"https:\/\/www.in516ht.com\/de\/wp-json\/wp\/v2\/types\/page"}],"author":[{"embeddable":true,"href":"https:\/\/www.in516ht.com\/de\/wp-json\/wp\/v2\/users\/1"}],"replies":[{"embeddable":true,"href":"https:\/\/www.in516ht.com\/de\/wp-json\/wp\/v2\/comments?post=6376"}],"version-history":[{"count":78,"href":"https:\/\/www.in516ht.com\/de\/wp-json\/wp\/v2\/pages\/6376\/revisions"}],"predecessor-version":[{"id":6999,"href":"https:\/\/www.in516ht.com\/de\/wp-json\/wp\/v2\/pages\/6376\/revisions\/6999"}],"up":[{"embeddable":true,"href":"https:\/\/www.in516ht.com\/de\/wp-json\/wp\/v2\/pages\/9122"}],"wp:attachment":[{"href":"https:\/\/www.in516ht.com\/de\/wp-json\/wp\/v2\/media?parent=6376"}],"curies":[{"name":"wp","href":"https:\/\/api.w.org\/{rel}","templated":true}]}}