{"id":6378,"date":"2021-09-09T09:30:16","date_gmt":"2021-09-09T09:30:16","guid":{"rendered":"https:\/\/www.in516ht.com\/?page_id=6378"},"modified":"2022-06-23T07:33:42","modified_gmt":"2022-06-23T07:33:42","slug":"bereiten-sie-sich-auf-den-start-vor","status":"publish","type":"page","link":"https:\/\/www.in516ht.com\/de\/snowflake-services\/bereiten-sie-sich-auf-den-start-vor\/","title":{"rendered":"Bereiten Sie sich auf den Start vor"},"content":{"rendered":"\n<div id=\"start\"><\/div>\n<style>\n#start {\n    display: block;\n    position: relative;\n    top: -150px;\n    visibility: hidden;\n}\n<\/style>\n\n\n\n<div class=\"wp-block-columns de-tabs-spacing is-layout-flex wp-container-5 wp-block-columns-is-layout-flex\">\n<div class=\"wp-block-column is-layout-flow wp-block-column-is-layout-flow\">\n<a href=\"\/de\/starten-sie-ihre-snowflake-reise\/#start\"><div class=\"de-tabs\"><span>Starten Sie Ihre Snowflake-Reise<\/span><\/div><\/a>\n<\/div>\n\n\n\n<div class=\"wp-block-column is-layout-flow wp-block-column-is-layout-flow\">\n<a href=\"\/de\/bereiten-sie-sich-auf-den-start-vor\/#start\"><div class=\"de-tabs selected\"><span>Bereiten Sie sich auf den Start vor<\/span><\/div><\/a>\n<\/div>\n\n\n\n<div class=\"wp-block-column is-layout-flow wp-block-column-is-layout-flow\">\n<a href=\"\/de\/aufwandsschaetzung\/#start\"><div class=\"de-tabs\"><span>Aufwandssch\u00e4tzung<\/span><\/div><\/a>\n<\/div>\n\n\n\n<div class=\"wp-block-column is-layout-flow wp-block-column-is-layout-flow\">\n<a href=\"\/de\/zweitmeinung\/#start\"><div class=\"de-tabs\"><span>Zweitmeinung<\/span><\/div><\/a>\n<\/div>\n<\/div>\n\n\n\n<div class=\"wp-block-columns de-tabs-spacing is-layout-flex wp-container-10 wp-block-columns-is-layout-flex\">\n<div class=\"wp-block-column is-layout-flow wp-block-column-is-layout-flow\">\n<a href=\"\/de\/snowflake -poc\/#start\"><div class=\"de-tabs\"><span>Snowflake POC<\/span><\/div><\/a>\n<\/div>\n\n\n\n<div class=\"wp-block-column is-layout-flow wp-block-column-is-layout-flow\">\n<a href=\"\/de\/qualitaetssicherung\/#start\"><div class=\"de-tabs\"><span>Qualit\u00e4tssicherung<\/span><\/div><\/a>\n<\/div>\n\n\n\n<div class=\"wp-block-column is-layout-flow wp-block-column-is-layout-flow\">\n<a href=\"\/de\/identifizieren-sie-neue-anwendungsfaelle\/#start\"><div class=\"de-tabs\"><span>Identifizieren Sie neue Anwendungsf\u00e4lle<\/span><\/div><\/a>\n<\/div>\n\n\n\n<div class=\"wp-block-column is-layout-flow wp-block-column-is-layout-flow\">\n<a href=\"\/de\/beschleunigen-sie-ihren-weg-zur-cloud\/#start\"><div class=\"de-tabs\"><span>Beschleunigen Sie Ihren Weg zur Cloud<\/span><\/div><\/a>\n<\/div>\n<\/div>\n\n\n\n<div class=\"wp-block-group accordion-wrapper de\"><div class=\"wp-block-group__inner-container is-layout-flow wp-block-group-is-layout-flow\">\n<h2 class=\"accordion-title de has-background wp-block-heading\" style=\"background-color:#e6ae1e\">#2 Bereiten Sie sich auf den Start vor<\/h2>\n\n\n\n<div style=\"height:10px\" aria-hidden=\"true\" class=\"wp-block-spacer\"><\/div>\n\n\n\n<p class=\"accordion-subtitle has-normal-font-size\"><strong>Go-to-Cloud-Vorbereitungsdienste<\/strong><\/p>\n\n\n\n<div class=\"wp-block-columns is-layout-flex wp-container-13 wp-block-columns-is-layout-flex\">\n<div class=\"wp-block-column is-layout-flow wp-block-column-is-layout-flow\">\n<p>Sie haben eine umfassende Finanzanalyse Ihres aktuellen IT-Portfolios und einer zuk\u00fcnftigen, Cloud-basierten Umgebung durchgef\u00fchrt, indem Sie eine Multi-Faktor-Analyse von Menschen, Prozessen, Technologie und Automatisierung \u00fcber mehrere Bereiche hinweg vorgenommen haben. Die Gesamtbetriebskosten haben gezeigt, dass die Cloud die richtige Option f\u00fcr Ihre zuk\u00fcnftige Datenverwaltungsl\u00f6sung ist, und Sie haben sich f\u00fcr die Snowflake Data Cloud als neue Cloud-Plattform entschieden.<\/p>\n\n\n\n<p>Sie haben Ihr firmeninternes Team an Bord geholt und vielleicht das Snowflake MRA-Programm absolviert, w\u00fcrden aber gerne noch tiefer in das Thema eintauchen.<\/p>\n<\/div>\n\n\n\n<div class=\"wp-block-column is-layout-flow wp-block-column-is-layout-flow\">\n<div class=\"wp-block-image\"><figure class=\"aligncenter size-large\"><img decoding=\"async\" loading=\"lazy\" width=\"260\" height=\"263\" src=\"https:\/\/in516ht.com\/insight-website\/wp-content\/uploads\/2021\/09\/Go-to-Cloud-Vorbereitungsdienste-2.svg\" alt=\"\" class=\"wp-image-6813\"\/><\/figure><\/div>\n<\/div>\n<\/div>\n\n\n\n<div class=\"wp-block-columns is-layout-flex wp-container-16 wp-block-columns-is-layout-flex\">\n<div class=\"wp-block-column accordion-column-bg is-layout-flow wp-block-column-is-layout-flow\">\n<p><strong>Sie stellen sich die folgenden Fragen:<\/strong><br><em>Mit welchen Anwendungsf\u00e4llen sollte man beginnen?<br>Wie erstellt man einen detaillierten Migrations-\/Entwicklungsplan f\u00fcr ein Projekt?<br>Welche Priorit\u00e4ten sollte man setzen (gesch\u00e4ftlich, technisch oder beides)?<br>Wie stellt man sein Team zusammen und wie leitet man es?<br>Sollte man diese Aufgabe auslagern oder intern erledigen?<br>Wie erstellt man eine detaillierte Architektur, ELT, Data Marts \u2013 ja oder nein?<br>Sollte man neue BI- und Data-Science-Tools einf\u00fchren, die besser geeignet sind, oder die alten Workloads migrieren?<br>Wie bereitet man sich auf die Pr\u00fcfung vor?<br>Kann man das Lift &amp; Shift wie bisher durchf\u00fchren, oder muss man es umgestalten?<br>Was kann man automatisieren?<br>Wird ein Backup-Szenario ben\u00f6tigt?<br>Was sind die potenziellen Engp\u00e4sse und Fallstricke, die man vermeiden sollte?<\/em><\/p>\n\n\n\n<div style=\"height:23px\" aria-hidden=\"true\" class=\"wp-block-spacer\"><\/div>\n<\/div>\n\n\n\n<div class=\"wp-block-column accordion-column-bg is-layout-flow wp-block-column-is-layout-flow\">\n<p>Dieses Paket bietet Ihnen Expertenberatung in einer Reihe von tiefgreifenden interaktiven Workshops. Unser Ziel ist es, Sie bei der Beantwortung von Fragen hinsichtlich Gesamtarchitektur, Projektmanagement und Gesamtkosten zu unterst\u00fctzen.<br><br>Um die besonderen Anforderungen Ihres Unternehmens voll und ganz zu verstehen, m\u00fcssen wir uns eingehend mit Ihrem Unternehmen und Ihrer Branche befassen. Wir m\u00f6chten alles \u00fcber Ihre technischen Anforderungen, Erwartungen und Priorit\u00e4ten erfahren.<\/p>\n\n\n\n<div style=\"height:23px\" aria-hidden=\"true\" class=\"wp-block-spacer\"><\/div>\n<\/div>\n<\/div>\n\n\n\n<div class=\"wp-block-group\"><div class=\"wp-block-group__inner-container is-layout-flow wp-block-group-is-layout-flow\">\n<div class=\"wp-block-columns is-layout-flex wp-container-19 wp-block-columns-is-layout-flex\">\n<div class=\"wp-block-column accordion-column-bg is-layout-flow wp-block-column-is-layout-flow\">\n<p><strong>ERGEBNIS 1:<\/strong><\/p>\n\n\n\n<p>Detaillierte Dokumentation und Projektplan<\/p>\n\n\n\n<ul><li>Dokumentation der bestehenden L\u00f6sung (Architektur, Liste der Datenbanken, Datenbankobjekte, Schemata, Sicherheit, Prozesse und Tools, mit denen Daten in unsere\/aus unserer bestehenden L\u00f6sung verschoben werden, Dateneingangs-Tools, ETL\/ELT, BI, Data Science und KI&#8230;)<\/li><li>Migrationsanwendungsf\u00e4lle (Entwurf der zu erbringenden Leistungen) und Festlegung der \u00fcbergeordneten Strategie: Lift &amp; Shift \u2013 Migration im Ist-Zustand, Re-Engineering oder Lift &amp; Shift + Modernisierung und geplantes zuk\u00fcnftiges Architekturdiagramm<\/li><li>Entwicklungs- und Bereitstellungsprozess: Liste der vorhandenen und\/oder neuen Tools f\u00fcr Migration, Produktions-\/Entwicklungsumgebung, Festlegung des Bereitstellungsprozesses<\/li><li>Festlegung von Priorit\u00e4ten f\u00fcr die Migration (welche Datens\u00e4tze zuerst migriert werden sollen, Abh\u00e4ngigkeiten zwischen den Datens\u00e4tzen, um nachfolgende Probleme zu vermeiden)<\/li><li>Zusammenstellung des Migrationsteams (Teammitglieder und ihre Rollen im Projekt)<\/li><li>Zeitplan f\u00fcr das Migrationsprojekt (gesch\u00e4ftliche und technische Erwartungen, detaillierter Migrationsplan und erforderliches Budget f\u00fcr die Snowflake-Ressourcen und Migrationsdienste)<\/li><li>Risikofaktoren (Bewertung m\u00f6glicher Risikofaktoren auf der Grundlage der gew\u00e4hlten Strategie und m\u00f6glicher Plan B)<\/li><li>Erfolgsfaktoren (Festlegung von KPIs und Erfolgskennzahlen)<\/li><\/ul>\n\n\n\n<p>Mit dem agilen \u201eThink big, start small\u201c-Ansatz legen wir das Konzept der Projektabwicklung fest:<\/p>\n\n\n\n<ul><li>schrittweise Projektabwicklung,<\/li><li>MVP und im n\u00e4chsten Schritt Bereitstellung eines Prototyps (im Falle gr\u00f6\u00dferer unbekannter Faktoren).<\/li><\/ul>\n\n\n\n<div style=\"height:21px\" aria-hidden=\"true\" class=\"wp-block-spacer\"><\/div>\n<\/div>\n\n\n\n<div class=\"wp-block-column accordion-column-bg is-layout-flow wp-block-column-is-layout-flow\">\n<p><strong>ERGEBNIS 2:<\/strong><\/p>\n\n\n\n<ul><li>Definierte Gesamtarchitektur, Migrationsstrategie, Umstellungsstrategie, Systemtest- und Abstimmungsstrategie<\/li><li>Projektteam, Projektrollen und Verantwortlichkeiten sind zugewiesen<\/li><li>End-to-End-Migrationsplan, einschlie\u00dflich eines detaillierten Plans und einer Liste der Migrationsaufgaben<\/li><\/ul>\n\n\n\n<p><strong>Wer sollte teilnehmen?<\/strong><\/p>\n\n\n\n<p>Wichtige Projektbeteiligte.<\/p>\n\n\n\n<div style=\"height:21px\" aria-hidden=\"true\" class=\"wp-block-spacer\"><\/div>\n\n\n\n<div class=\"menu-button\" style=\"margin: 0px;\"><a href=\"#\" data-toggle=\"modal\" data-target=\"#get-in-touch\" title=\"Get in touch\">Get in touch<\/a><\/div>\n<\/div>\n<\/div>\n\n\n\n<div style=\"height:30px\" aria-hidden=\"true\" class=\"wp-block-spacer\"><\/div>\n<\/div><\/div>\n<\/div><\/div>\n\n\n\n<div class=\"wp-block-columns is-layout-flex wp-container-23 wp-block-columns-is-layout-flex\">\n<div class=\"wp-block-column is-layout-flow wp-block-column-is-layout-flow\">\n<div style=\"height:31px\" aria-hidden=\"true\" class=\"wp-block-spacer\"><\/div>\n<\/div>\n<\/div>\n","protected":false},"excerpt":{"rendered":"<p>Starten Sie Ihre Snowflake-Reise Bereiten Sie sich auf den Start vor Aufwandssch\u00e4tzung Zweitmeinung Snowflake POC Qualit\u00e4tssicherung Identifizieren Sie neue Anwendungsf\u00e4lle Beschleunigen Sie Ihren Weg zur Cloud #2 Bereiten Sie sich auf den Start vor Go-to-Cloud-Vorbereitungsdienste Sie haben eine umfassende Finanzanalyse Ihres aktuellen IT-Portfolios und einer zuk\u00fcnftigen, Cloud-basierten Umgebung durchgef\u00fchrt, indem Sie eine Multi-Faktor-Analyse von Menschen, [&hellip;]<\/p>\n","protected":false},"author":1,"featured_media":0,"parent":9122,"menu_order":0,"comment_status":"closed","ping_status":"closed","template":"","meta":{"inline_featured_image":false,"footnotes":""},"acf":[],"yoast_head":"<!-- This site is optimized with the Yoast SEO plugin v21.9.1 - https:\/\/yoast.com\/wordpress\/plugins\/seo\/ -->\n<title>Bereiten Sie sich auf den Start vor - IN516HT<\/title>\n<meta name=\"robots\" content=\"index, follow, max-snippet:-1, max-image-preview:large, max-video-preview:-1\" \/>\n<link rel=\"canonical\" href=\"https:\/\/www.in516ht.com\/de\/snowflake-services\/bereiten-sie-sich-auf-den-start-vor\/\" \/>\n<meta property=\"og:locale\" content=\"de_DE\" \/>\n<meta property=\"og:type\" content=\"article\" \/>\n<meta property=\"og:title\" content=\"Bereiten Sie sich auf den Start vor - IN516HT\" \/>\n<meta property=\"og:description\" content=\"Starten Sie Ihre Snowflake-Reise Bereiten Sie sich auf den Start vor Aufwandssch\u00e4tzung Zweitmeinung Snowflake POC Qualit\u00e4tssicherung Identifizieren Sie neue Anwendungsf\u00e4lle Beschleunigen Sie Ihren Weg zur Cloud #2 Bereiten Sie sich auf den Start vor Go-to-Cloud-Vorbereitungsdienste Sie haben eine umfassende Finanzanalyse Ihres aktuellen IT-Portfolios und einer zuk\u00fcnftigen, Cloud-basierten Umgebung durchgef\u00fchrt, indem Sie eine Multi-Faktor-Analyse von Menschen, [&hellip;]\" \/>\n<meta property=\"og:url\" content=\"https:\/\/www.in516ht.com\/de\/snowflake-services\/bereiten-sie-sich-auf-den-start-vor\/\" \/>\n<meta property=\"og:site_name\" content=\"IN516HT\" \/>\n<meta property=\"article:modified_time\" content=\"2022-06-23T07:33:42+00:00\" \/>\n<meta property=\"og:image\" content=\"https:\/\/in516ht.com\/insight-website\/wp-content\/uploads\/2021\/09\/Go-to-Cloud-Vorbereitungsdienste-2.svg\" \/>\n<meta name=\"twitter:card\" content=\"summary_large_image\" \/>\n<meta name=\"twitter:label1\" content=\"Est. reading time\" \/>\n\t<meta name=\"twitter:data1\" content=\"3 minutes\" \/>\n<script type=\"application\/ld+json\" class=\"yoast-schema-graph\">{\"@context\":\"https:\/\/schema.org\",\"@graph\":[{\"@type\":\"WebPage\",\"@id\":\"https:\/\/www.in516ht.com\/de\/snowflake-services\/bereiten-sie-sich-auf-den-start-vor\/\",\"url\":\"https:\/\/www.in516ht.com\/de\/snowflake-services\/bereiten-sie-sich-auf-den-start-vor\/\",\"name\":\"Bereiten Sie sich auf den Start vor - IN516HT\",\"isPartOf\":{\"@id\":\"https:\/\/in516ht.com\/#website\"},\"datePublished\":\"2021-09-09T09:30:16+00:00\",\"dateModified\":\"2022-06-23T07:33:42+00:00\",\"breadcrumb\":{\"@id\":\"https:\/\/www.in516ht.com\/de\/snowflake-services\/bereiten-sie-sich-auf-den-start-vor\/#breadcrumb\"},\"inLanguage\":\"de-DE\",\"potentialAction\":[{\"@type\":\"ReadAction\",\"target\":[\"https:\/\/www.in516ht.com\/de\/snowflake-services\/bereiten-sie-sich-auf-den-start-vor\/\"]}]},{\"@type\":\"BreadcrumbList\",\"@id\":\"https:\/\/www.in516ht.com\/de\/snowflake-services\/bereiten-sie-sich-auf-den-start-vor\/#breadcrumb\",\"itemListElement\":[{\"@type\":\"ListItem\",\"position\":1,\"name\":\"Home\",\"item\":\"https:\/\/in516ht.com\/de\/\"},{\"@type\":\"ListItem\",\"position\":2,\"name\":\"Snowflake services\",\"item\":\"https:\/\/in516ht.com\/de\/snowflake-services\/\"},{\"@type\":\"ListItem\",\"position\":3,\"name\":\"Bereiten Sie sich auf den Start vor\"}]},{\"@type\":\"WebSite\",\"@id\":\"https:\/\/in516ht.com\/#website\",\"url\":\"https:\/\/in516ht.com\/\",\"name\":\"IN516HT\",\"description\":\"\",\"potentialAction\":[{\"@type\":\"SearchAction\",\"target\":{\"@type\":\"EntryPoint\",\"urlTemplate\":\"https:\/\/in516ht.com\/?s={search_term_string}\"},\"query-input\":\"required name=search_term_string\"}],\"inLanguage\":\"de-DE\"}]}<\/script>\n<!-- \/ Yoast SEO plugin. -->","yoast_head_json":{"title":"Bereiten Sie sich auf den Start vor - IN516HT","robots":{"index":"index","follow":"follow","max-snippet":"max-snippet:-1","max-image-preview":"max-image-preview:large","max-video-preview":"max-video-preview:-1"},"canonical":"https:\/\/www.in516ht.com\/de\/snowflake-services\/bereiten-sie-sich-auf-den-start-vor\/","og_locale":"de_DE","og_type":"article","og_title":"Bereiten Sie sich auf den Start vor - IN516HT","og_description":"Starten Sie Ihre Snowflake-Reise Bereiten Sie sich auf den Start vor Aufwandssch\u00e4tzung Zweitmeinung Snowflake POC Qualit\u00e4tssicherung Identifizieren Sie neue Anwendungsf\u00e4lle Beschleunigen Sie Ihren Weg zur Cloud #2 Bereiten Sie sich auf den Start vor Go-to-Cloud-Vorbereitungsdienste Sie haben eine umfassende Finanzanalyse Ihres aktuellen IT-Portfolios und einer zuk\u00fcnftigen, Cloud-basierten Umgebung durchgef\u00fchrt, indem Sie eine Multi-Faktor-Analyse von Menschen, [&hellip;]","og_url":"https:\/\/www.in516ht.com\/de\/snowflake-services\/bereiten-sie-sich-auf-den-start-vor\/","og_site_name":"IN516HT","article_modified_time":"2022-06-23T07:33:42+00:00","og_image":[{"url":"https:\/\/in516ht.com\/insight-website\/wp-content\/uploads\/2021\/09\/Go-to-Cloud-Vorbereitungsdienste-2.svg"}],"twitter_card":"summary_large_image","twitter_misc":{"Est. reading time":"3 minutes"},"schema":{"@context":"https:\/\/schema.org","@graph":[{"@type":"WebPage","@id":"https:\/\/www.in516ht.com\/de\/snowflake-services\/bereiten-sie-sich-auf-den-start-vor\/","url":"https:\/\/www.in516ht.com\/de\/snowflake-services\/bereiten-sie-sich-auf-den-start-vor\/","name":"Bereiten Sie sich auf den Start vor - IN516HT","isPartOf":{"@id":"https:\/\/in516ht.com\/#website"},"datePublished":"2021-09-09T09:30:16+00:00","dateModified":"2022-06-23T07:33:42+00:00","breadcrumb":{"@id":"https:\/\/www.in516ht.com\/de\/snowflake-services\/bereiten-sie-sich-auf-den-start-vor\/#breadcrumb"},"inLanguage":"de-DE","potentialAction":[{"@type":"ReadAction","target":["https:\/\/www.in516ht.com\/de\/snowflake-services\/bereiten-sie-sich-auf-den-start-vor\/"]}]},{"@type":"BreadcrumbList","@id":"https:\/\/www.in516ht.com\/de\/snowflake-services\/bereiten-sie-sich-auf-den-start-vor\/#breadcrumb","itemListElement":[{"@type":"ListItem","position":1,"name":"Home","item":"https:\/\/in516ht.com\/de\/"},{"@type":"ListItem","position":2,"name":"Snowflake services","item":"https:\/\/in516ht.com\/de\/snowflake-services\/"},{"@type":"ListItem","position":3,"name":"Bereiten Sie sich auf den Start vor"}]},{"@type":"WebSite","@id":"https:\/\/in516ht.com\/#website","url":"https:\/\/in516ht.com\/","name":"IN516HT","description":"","potentialAction":[{"@type":"SearchAction","target":{"@type":"EntryPoint","urlTemplate":"https:\/\/in516ht.com\/?s={search_term_string}"},"query-input":"required name=search_term_string"}],"inLanguage":"de-DE"}]}},"_links":{"self":[{"href":"https:\/\/www.in516ht.com\/de\/wp-json\/wp\/v2\/pages\/6378"}],"collection":[{"href":"https:\/\/www.in516ht.com\/de\/wp-json\/wp\/v2\/pages"}],"about":[{"href":"https:\/\/www.in516ht.com\/de\/wp-json\/wp\/v2\/types\/page"}],"author":[{"embeddable":true,"href":"https:\/\/www.in516ht.com\/de\/wp-json\/wp\/v2\/users\/1"}],"replies":[{"embeddable":true,"href":"https:\/\/www.in516ht.com\/de\/wp-json\/wp\/v2\/comments?post=6378"}],"version-history":[{"count":41,"href":"https:\/\/www.in516ht.com\/de\/wp-json\/wp\/v2\/pages\/6378\/revisions"}],"predecessor-version":[{"id":6952,"href":"https:\/\/www.in516ht.com\/de\/wp-json\/wp\/v2\/pages\/6378\/revisions\/6952"}],"up":[{"embeddable":true,"href":"https:\/\/www.in516ht.com\/de\/wp-json\/wp\/v2\/pages\/9122"}],"wp:attachment":[{"href":"https:\/\/www.in516ht.com\/de\/wp-json\/wp\/v2\/media?parent=6378"}],"curies":[{"name":"wp","href":"https:\/\/api.w.org\/{rel}","templated":true}]}}