{"id":6384,"date":"2021-09-09T09:30:43","date_gmt":"2021-09-09T09:30:43","guid":{"rendered":"https:\/\/www.in516ht.com\/?page_id=6384"},"modified":"2022-06-23T07:33:42","modified_gmt":"2022-06-23T07:33:42","slug":"snowflake-poc","status":"publish","type":"page","link":"https:\/\/www.in516ht.com\/de\/snowflake-services\/snowflake-poc\/","title":{"rendered":"Snowflake POC"},"content":{"rendered":"\n<div id=\"start\"><\/div>\n<style>\n#start {\n    display: block;\n    position: relative;\n    top: -150px;\n    visibility: hidden;\n}\n<\/style>\n\n\n\n<div class=\"wp-block-columns de-tabs-spacing is-layout-flex wp-container-5 wp-block-columns-is-layout-flex\">\n<div class=\"wp-block-column is-layout-flow wp-block-column-is-layout-flow\">\n<a href=\"\/de\/starten-sie-ihre-snowflake-reise\/#start\"><div class=\"de-tabs\"><span>Starten Sie Ihre Snowflake-Reise<\/span><\/div><\/a>\n<\/div>\n\n\n\n<div class=\"wp-block-column is-layout-flow wp-block-column-is-layout-flow\">\n<a href=\"\/de\/bereiten-sie-sich-auf-den-start-vor\/#start\"><div class=\"de-tabs\"><span>Bereiten Sie sich auf den Start vor<\/span><\/div><\/a>\n<\/div>\n\n\n\n<div class=\"wp-block-column is-layout-flow wp-block-column-is-layout-flow\">\n<a href=\"\/de\/aufwandsschaetzung\/#start\"><div class=\"de-tabs\"><span>Aufwandssch\u00e4tzung<\/span><\/div><\/a>\n<\/div>\n\n\n\n<div class=\"wp-block-column is-layout-flow wp-block-column-is-layout-flow\">\n<a href=\"\/de\/zweitmeinung\/#start\"><div class=\"de-tabs\"><span>Zweitmeinung<\/span><\/div><\/a>\n<\/div>\n<\/div>\n\n\n\n<div class=\"wp-block-columns de-tabs-spacing is-layout-flex wp-container-10 wp-block-columns-is-layout-flex\">\n<div class=\"wp-block-column is-layout-flow wp-block-column-is-layout-flow\">\n<a href=\"\/de\/snowflake-poc\/#start\"><div class=\"de-tabs selected\"><span>Snowflake POC<\/span><\/div><\/a>\n<\/div>\n\n\n\n<div class=\"wp-block-column is-layout-flow wp-block-column-is-layout-flow\">\n<a href=\"\/de\/qualitaetssicherung\/#start\"><div class=\"de-tabs\"><span>Qualit\u00e4tssicherung<\/span><\/div><\/a>\n<\/div>\n\n\n\n<div class=\"wp-block-column is-layout-flow wp-block-column-is-layout-flow\">\n<a href=\"\/de\/identifizieren-sie-neue-anwendungsfaelle\/#start\"><div class=\"de-tabs\"><span>Identifizieren Sie neue Anwendungsf\u00e4lle<\/span><\/div><\/a>\n<\/div>\n\n\n\n<div class=\"wp-block-column is-layout-flow wp-block-column-is-layout-flow\">\n<a href=\"\/de\/beschleunigen-sie-ihren-weg-zur-cloud\/#start\"><div class=\"de-tabs\"><span>Beschleunigen Sie Ihren Weg zur Cloud<\/span><\/div><\/a>\n<\/div>\n<\/div>\n\n\n\n<div class=\"wp-block-columns is-layout-flex wp-container-12 wp-block-columns-is-layout-flex\">\n<div class=\"wp-block-column is-layout-flow wp-block-column-is-layout-flow\">\n<div style=\"height:31px\" aria-hidden=\"true\" class=\"wp-block-spacer\"><\/div>\n<\/div>\n<\/div>\n\n\n\n<div class=\"wp-block-group accordion-wrapper\"><div class=\"wp-block-group__inner-container is-layout-flow wp-block-group-is-layout-flow\">\n<h2 class=\"accordion-title de has-background wp-block-heading\" style=\"background-color:#e6ae1e\">#5 Snowflake Proof of Concept<\/h2>\n\n\n\n<div style=\"height:10px\" aria-hidden=\"true\" class=\"wp-block-spacer\"><\/div>\n\n\n\n<p class=\"accordion-subtitle has-normal-font-size\"><strong>Testen, \u00fcberarbeiten und \u00fcberzeugen<\/strong><\/p>\n\n\n\n<div class=\"wp-block-columns is-layout-flex wp-container-15 wp-block-columns-is-layout-flex\">\n<div class=\"wp-block-column is-layout-flow wp-block-column-is-layout-flow\">\n<p>Genau wie viele andere Unternehmen stehen auch Sie vor Herausforderungen im Zusammenhang mit Ihrer bestehenden Data-Warehouse-L\u00f6sung und suchen nach Alternativen. Sie verbringen Tage damit, Daten an die Endbenutzer zu \u00fcbermitteln, Ihre Daten sind in Datensilos verstreut, und Ihre On-Premise-Infrastruktur ist veraltet und bietet nur begrenzte Skalierbarkeit. Der Mangel an Ressourcen bedeutet, dass Sie neue Gesch\u00e4ftsf\u00e4lle und halbstrukturierte Daten nicht ohne gro\u00dfe Investitionen in neue Hardware und Software angehen k\u00f6nnen.<\/p>\n\n\n\n<p>Ihr F\u00fchrungsteam m\u00f6chte einen schnelleren Einblick in die Daten, und Sie werden mit neuen Anfragen \u00fcberh\u00e4uft. Die Snowflake Data Cloud bietet eine neue Denkweise und er\u00f6ffnet enorme M\u00f6glichkeiten, wenn Sie von On-Premises auf die Cloud umsteigen.<\/p>\n<\/div>\n\n\n\n<div class=\"wp-block-column is-layout-flow wp-block-column-is-layout-flow\">\n<div class=\"wp-block-image\"><figure class=\"aligncenter size-large\"><img decoding=\"async\" loading=\"lazy\" width=\"210\" height=\"210\" src=\"https:\/\/in516ht.com\/insight-website\/wp-content\/uploads\/2021\/09\/Group-954.png\" alt=\"\" class=\"wp-image-6789\" srcset=\"https:\/\/in516ht.com\/insight-website\/wp-content\/uploads\/2021\/09\/Group-954.png 210w, https:\/\/in516ht.com\/insight-website\/wp-content\/uploads\/2021\/09\/Group-954-150x150.png 150w\" sizes=\"(max-width: 210px) 100vw, 210px\" \/><\/figure><\/div>\n<\/div>\n<\/div>\n\n\n\n<div class=\"wp-block-group\"><div class=\"wp-block-group__inner-container is-layout-flow wp-block-group-is-layout-flow\">\n<div class=\"wp-block-columns is-layout-flex wp-container-18 wp-block-columns-is-layout-flex\">\n<div class=\"wp-block-column accordion-column-bg is-layout-flow wp-block-column-is-layout-flow\">\n<p>Wir k\u00f6nnen Ihnen helfen, eine moderne Data-Warehouse-Architektur anhand Ihrer Daten zu bewerten sowie die wichtigsten Anwendungsf\u00e4lle und KPIs zu definieren und mit Ihrer aktuellen L\u00f6sung zu vergleichen. Mit der Snowflake Data Cloud k\u00f6nnen Sie die Vorteile moderner Cloud-L\u00f6sungen nutzen und jeden Anwendungsfall, den Ihr Unternehmen ben\u00f6tigt, ohne Ressourcenkonflikte oder Infrastrukturbeschr\u00e4nkungen abdecken. Dank der Skalierbarkeit, der Nebenl\u00e4ufigkeit und des Zugriffs auf alle Ihre Daten k\u00f6nnen Sie schnell und pr\u00e4zise Entscheidungen treffen.<\/p>\n\n\n\n<ul><li>Unsere POC-Dienste umfassen unter anderem Folgendes:<\/li><li>Einf\u00fchrung einer neuen modernen Architektur<\/li><li>Laden von Daten in die Cloud<\/li><li>Parallelit\u00e4tstests (Workload-Isolierung)<\/li><li>Skalierbarkeit und Elastizit\u00e4t<\/li><li>Moderner ELT-Ansatz und BI-Workloads<\/li><li>Halbstrukturierte Daten<\/li><li>Sicherheit und Benutzerrollen<\/li><li>Ausgaben\u00fcberwachung (sekundengenaue Abrechnung)<\/li><\/ul>\n\n\n\n<div style=\"height:21px\" aria-hidden=\"true\" class=\"wp-block-spacer\"><\/div>\n<\/div>\n\n\n\n<div class=\"wp-block-column accordion-column-bg is-layout-flow wp-block-column-is-layout-flow\">\n<p><strong>ERGEBNISSE:<\/strong><\/p>\n\n\n\n<p>W\u00e4hrend der POC-Phase legen wir den Projektumfang und die Erfolgskriterien fest. Das Ziel ist, die End2End-Architektur zu testen, einschlie\u00dflich moderner ELT-Tools f\u00fcr den Dateneingang und die Datentransformation, um die Vorteile der Cloud zu nutzen und Ihre bestehenden oder neuen BI-\/Data-Science-Tools mit Snowflake zu vergleichen.<\/p>\n\n\n\n<ul><li>Einrichtung und Ausf\u00fchrung einer Snowflake-Instanz in einer beliebigen \u00f6ffentlichen Cloud<\/li><li>Festlegung einer modernen End-2-End-L\u00f6sungsumgebung<\/li><li>Einrichtung von Datenpipelines (ETL\/ETL) f\u00fcr den jeweiligen Anwendungsfall (f\u00fcr strukturierte und halbstrukturierte Daten)<\/li><li>Staging<\/li><li>Entwicklungs- und Produktionsumgebung<\/li><li>Integration von Business-Intelligence-\/Data-Science-Tools<\/li><\/ul>\n\n\n\n<div style=\"height:20px\" aria-hidden=\"true\" class=\"wp-block-spacer\"><\/div>\n\n\n\n<div class=\"menu-button\" style=\"margin: 0px;\"><a href=\"#\" data-toggle=\"modal\" data-target=\"#get-in-touch\" title=\"Get in Touch\">Packen wir\u2018s an!<\/a><\/div>\n\n\n\n<div style=\"height:10px\" aria-hidden=\"true\" class=\"wp-block-spacer\"><\/div>\n<\/div>\n<\/div>\n<\/div><\/div>\n<\/div><\/div>\n\n\n\n<p><\/p>\n","protected":false},"excerpt":{"rendered":"<p>Starten Sie Ihre Snowflake-Reise Bereiten Sie sich auf den Start vor Aufwandssch\u00e4tzung Zweitmeinung Snowflake POC Qualit\u00e4tssicherung Identifizieren Sie neue Anwendungsf\u00e4lle Beschleunigen Sie Ihren Weg zur Cloud #5 Snowflake Proof of Concept Testen, \u00fcberarbeiten und \u00fcberzeugen Genau wie viele andere Unternehmen stehen auch Sie vor Herausforderungen im Zusammenhang mit Ihrer bestehenden Data-Warehouse-L\u00f6sung und suchen nach Alternativen. [&hellip;]<\/p>\n","protected":false},"author":1,"featured_media":0,"parent":9122,"menu_order":0,"comment_status":"closed","ping_status":"closed","template":"","meta":{"inline_featured_image":false,"footnotes":""},"acf":[],"yoast_head":"<!-- This site is optimized with the Yoast SEO plugin v21.9.1 - https:\/\/yoast.com\/wordpress\/plugins\/seo\/ -->\n<title>Snowflake POC - IN516HT<\/title>\n<meta name=\"robots\" content=\"index, follow, max-snippet:-1, max-image-preview:large, max-video-preview:-1\" \/>\n<link rel=\"canonical\" href=\"https:\/\/www.in516ht.com\/de\/snowflake-services\/snowflake-poc\/\" \/>\n<meta property=\"og:locale\" content=\"de_DE\" \/>\n<meta property=\"og:type\" content=\"article\" \/>\n<meta property=\"og:title\" content=\"Snowflake POC - IN516HT\" \/>\n<meta property=\"og:description\" content=\"Starten Sie Ihre Snowflake-Reise Bereiten Sie sich auf den Start vor Aufwandssch\u00e4tzung Zweitmeinung Snowflake POC Qualit\u00e4tssicherung Identifizieren Sie neue Anwendungsf\u00e4lle Beschleunigen Sie Ihren Weg zur Cloud #5 Snowflake Proof of Concept Testen, \u00fcberarbeiten und \u00fcberzeugen Genau wie viele andere Unternehmen stehen auch Sie vor Herausforderungen im Zusammenhang mit Ihrer bestehenden Data-Warehouse-L\u00f6sung und suchen nach Alternativen. [&hellip;]\" \/>\n<meta property=\"og:url\" content=\"https:\/\/www.in516ht.com\/de\/snowflake-services\/snowflake-poc\/\" \/>\n<meta property=\"og:site_name\" content=\"IN516HT\" \/>\n<meta property=\"article:modified_time\" content=\"2022-06-23T07:33:42+00:00\" \/>\n<meta property=\"og:image\" content=\"https:\/\/in516ht.com\/insight-website\/wp-content\/uploads\/2021\/09\/Group-954.png\" \/>\n<meta name=\"twitter:card\" content=\"summary_large_image\" \/>\n<meta name=\"twitter:label1\" content=\"Est. reading time\" \/>\n\t<meta name=\"twitter:data1\" content=\"2 minutes\" \/>\n<script type=\"application\/ld+json\" class=\"yoast-schema-graph\">{\"@context\":\"https:\/\/schema.org\",\"@graph\":[{\"@type\":\"WebPage\",\"@id\":\"https:\/\/www.in516ht.com\/de\/snowflake-services\/snowflake-poc\/\",\"url\":\"https:\/\/www.in516ht.com\/de\/snowflake-services\/snowflake-poc\/\",\"name\":\"Snowflake POC - IN516HT\",\"isPartOf\":{\"@id\":\"https:\/\/in516ht.com\/#website\"},\"datePublished\":\"2021-09-09T09:30:43+00:00\",\"dateModified\":\"2022-06-23T07:33:42+00:00\",\"breadcrumb\":{\"@id\":\"https:\/\/www.in516ht.com\/de\/snowflake-services\/snowflake-poc\/#breadcrumb\"},\"inLanguage\":\"de-DE\",\"potentialAction\":[{\"@type\":\"ReadAction\",\"target\":[\"https:\/\/www.in516ht.com\/de\/snowflake-services\/snowflake-poc\/\"]}]},{\"@type\":\"BreadcrumbList\",\"@id\":\"https:\/\/www.in516ht.com\/de\/snowflake-services\/snowflake-poc\/#breadcrumb\",\"itemListElement\":[{\"@type\":\"ListItem\",\"position\":1,\"name\":\"Home\",\"item\":\"https:\/\/in516ht.com\/de\/\"},{\"@type\":\"ListItem\",\"position\":2,\"name\":\"Snowflake services\",\"item\":\"https:\/\/in516ht.com\/de\/snowflake-services\/\"},{\"@type\":\"ListItem\",\"position\":3,\"name\":\"Snowflake POC\"}]},{\"@type\":\"WebSite\",\"@id\":\"https:\/\/in516ht.com\/#website\",\"url\":\"https:\/\/in516ht.com\/\",\"name\":\"IN516HT\",\"description\":\"\",\"potentialAction\":[{\"@type\":\"SearchAction\",\"target\":{\"@type\":\"EntryPoint\",\"urlTemplate\":\"https:\/\/in516ht.com\/?s={search_term_string}\"},\"query-input\":\"required name=search_term_string\"}],\"inLanguage\":\"de-DE\"}]}<\/script>\n<!-- \/ Yoast SEO plugin. -->","yoast_head_json":{"title":"Snowflake POC - IN516HT","robots":{"index":"index","follow":"follow","max-snippet":"max-snippet:-1","max-image-preview":"max-image-preview:large","max-video-preview":"max-video-preview:-1"},"canonical":"https:\/\/www.in516ht.com\/de\/snowflake-services\/snowflake-poc\/","og_locale":"de_DE","og_type":"article","og_title":"Snowflake POC - IN516HT","og_description":"Starten Sie Ihre Snowflake-Reise Bereiten Sie sich auf den Start vor Aufwandssch\u00e4tzung Zweitmeinung Snowflake POC Qualit\u00e4tssicherung Identifizieren Sie neue Anwendungsf\u00e4lle Beschleunigen Sie Ihren Weg zur Cloud #5 Snowflake Proof of Concept Testen, \u00fcberarbeiten und \u00fcberzeugen Genau wie viele andere Unternehmen stehen auch Sie vor Herausforderungen im Zusammenhang mit Ihrer bestehenden Data-Warehouse-L\u00f6sung und suchen nach Alternativen. [&hellip;]","og_url":"https:\/\/www.in516ht.com\/de\/snowflake-services\/snowflake-poc\/","og_site_name":"IN516HT","article_modified_time":"2022-06-23T07:33:42+00:00","og_image":[{"url":"https:\/\/in516ht.com\/insight-website\/wp-content\/uploads\/2021\/09\/Group-954.png"}],"twitter_card":"summary_large_image","twitter_misc":{"Est. reading time":"2 minutes"},"schema":{"@context":"https:\/\/schema.org","@graph":[{"@type":"WebPage","@id":"https:\/\/www.in516ht.com\/de\/snowflake-services\/snowflake-poc\/","url":"https:\/\/www.in516ht.com\/de\/snowflake-services\/snowflake-poc\/","name":"Snowflake POC - IN516HT","isPartOf":{"@id":"https:\/\/in516ht.com\/#website"},"datePublished":"2021-09-09T09:30:43+00:00","dateModified":"2022-06-23T07:33:42+00:00","breadcrumb":{"@id":"https:\/\/www.in516ht.com\/de\/snowflake-services\/snowflake-poc\/#breadcrumb"},"inLanguage":"de-DE","potentialAction":[{"@type":"ReadAction","target":["https:\/\/www.in516ht.com\/de\/snowflake-services\/snowflake-poc\/"]}]},{"@type":"BreadcrumbList","@id":"https:\/\/www.in516ht.com\/de\/snowflake-services\/snowflake-poc\/#breadcrumb","itemListElement":[{"@type":"ListItem","position":1,"name":"Home","item":"https:\/\/in516ht.com\/de\/"},{"@type":"ListItem","position":2,"name":"Snowflake services","item":"https:\/\/in516ht.com\/de\/snowflake-services\/"},{"@type":"ListItem","position":3,"name":"Snowflake POC"}]},{"@type":"WebSite","@id":"https:\/\/in516ht.com\/#website","url":"https:\/\/in516ht.com\/","name":"IN516HT","description":"","potentialAction":[{"@type":"SearchAction","target":{"@type":"EntryPoint","urlTemplate":"https:\/\/in516ht.com\/?s={search_term_string}"},"query-input":"required name=search_term_string"}],"inLanguage":"de-DE"}]}},"_links":{"self":[{"href":"https:\/\/www.in516ht.com\/de\/wp-json\/wp\/v2\/pages\/6384"}],"collection":[{"href":"https:\/\/www.in516ht.com\/de\/wp-json\/wp\/v2\/pages"}],"about":[{"href":"https:\/\/www.in516ht.com\/de\/wp-json\/wp\/v2\/types\/page"}],"author":[{"embeddable":true,"href":"https:\/\/www.in516ht.com\/de\/wp-json\/wp\/v2\/users\/1"}],"replies":[{"embeddable":true,"href":"https:\/\/www.in516ht.com\/de\/wp-json\/wp\/v2\/comments?post=6384"}],"version-history":[{"count":19,"href":"https:\/\/www.in516ht.com\/de\/wp-json\/wp\/v2\/pages\/6384\/revisions"}],"predecessor-version":[{"id":6954,"href":"https:\/\/www.in516ht.com\/de\/wp-json\/wp\/v2\/pages\/6384\/revisions\/6954"}],"up":[{"embeddable":true,"href":"https:\/\/www.in516ht.com\/de\/wp-json\/wp\/v2\/pages\/9122"}],"wp:attachment":[{"href":"https:\/\/www.in516ht.com\/de\/wp-json\/wp\/v2\/media?parent=6384"}],"curies":[{"name":"wp","href":"https:\/\/api.w.org\/{rel}","templated":true}]}}