{"id":6386,"date":"2021-09-09T09:30:54","date_gmt":"2021-09-09T09:30:54","guid":{"rendered":"https:\/\/www.in516ht.com\/?page_id=6386"},"modified":"2022-06-23T07:33:42","modified_gmt":"2022-06-23T07:33:42","slug":"qualitaetssicherung","status":"publish","type":"page","link":"https:\/\/www.in516ht.com\/de\/snowflake-services\/qualitaetssicherung\/","title":{"rendered":"Qualit\u00e4tssicherung"},"content":{"rendered":"\n<div id=\"start\"><\/div>\n<style>\n#start {\n    display: block;\n    position: relative;\n    top: -150px;\n    visibility: hidden;\n}\n<\/style>\n\n\n\n<div class=\"wp-block-columns de-tabs-spacing is-layout-flex wp-container-5 wp-block-columns-is-layout-flex\">\n<div class=\"wp-block-column is-layout-flow wp-block-column-is-layout-flow\">\n<a href=\"\/de\/starten-sie-ihre-snowflake-reise\/#start\"><div class=\"de-tabs\"><span>Starten Sie Ihre Snowflake-Reise<\/span><\/div><\/a>\n<\/div>\n\n\n\n<div class=\"wp-block-column is-layout-flow wp-block-column-is-layout-flow\">\n<a href=\"\/de\/bereiten-sie-sich-auf-den-start-vor\/#start\"><div class=\"de-tabs\"><span>Bereiten Sie sich auf den Start vor<\/span><\/div><\/a>\n<\/div>\n\n\n\n<div class=\"wp-block-column is-layout-flow wp-block-column-is-layout-flow\">\n<a href=\"\/de\/aufwandsschaetzung\/#start\"><div class=\"de-tabs\"><span>Aufwandssch\u00e4tzung<\/span><\/div><\/a>\n<\/div>\n\n\n\n<div class=\"wp-block-column is-layout-flow wp-block-column-is-layout-flow\">\n<a href=\"\/de\/zweitmeinung\/#start\"><div class=\"de-tabs\"><span>Zweitmeinung<\/span><\/div><\/a>\n<\/div>\n<\/div>\n\n\n\n<div class=\"wp-block-columns de-tabs-spacing is-layout-flex wp-container-10 wp-block-columns-is-layout-flex\">\n<div class=\"wp-block-column is-layout-flow wp-block-column-is-layout-flow\">\n<a href=\"\/de\/snowflake-poc\/#start\"><div class=\"de-tabs\"><span>Snowflake POC<\/span><\/div><\/a>\n<\/div>\n\n\n\n<div class=\"wp-block-column is-layout-flow wp-block-column-is-layout-flow\">\n<a href=\"\/de\/qualitaetssicherung\/#start\"><div class=\"de-tabs selected\"><span>Qualit\u00e4tssicherung<\/span><\/div><\/a>\n<\/div>\n\n\n\n<div class=\"wp-block-column is-layout-flow wp-block-column-is-layout-flow\">\n<a href=\"\/de\/identifizieren-sie-neue-anwendungsfaelle\/#start\"><div class=\"de-tabs\"><span>Identifizieren Sie neue Anwendungsf\u00e4lle<\/span><\/div><\/a>\n<\/div>\n\n\n\n<div class=\"wp-block-column is-layout-flow wp-block-column-is-layout-flow\">\n<a href=\"\/de\/beschleunigen-sie-ihren-weg-zur-cloud\/#start\"><div class=\"de-tabs\"><span>Beschleunigen Sie Ihren Weg zur Cloud<\/span><\/div><\/a>\n<\/div>\n<\/div>\n\n\n\n<div class=\"wp-block-columns is-layout-flex wp-container-12 wp-block-columns-is-layout-flex\">\n<div class=\"wp-block-column is-layout-flow wp-block-column-is-layout-flow\">\n<div style=\"height:31px\" aria-hidden=\"true\" class=\"wp-block-spacer\"><\/div>\n<\/div>\n<\/div>\n\n\n\n<div class=\"wp-block-group accordion-wrapper\"><div class=\"wp-block-group__inner-container is-layout-flow wp-block-group-is-layout-flow\">\n<h2 class=\"accordion-title de has-background wp-block-heading\" style=\"background-color:#e6ae1e\">#6 Qualit\u00e4tssicherung<\/h2>\n\n\n\n<div style=\"height:10px\" aria-hidden=\"true\" class=\"wp-block-spacer\"><\/div>\n\n\n\n<p class=\"accordion-subtitle has-normal-font-size\"><strong>Vorsicht ist besser als Nachsicht<\/strong><\/p>\n\n\n\n<div class=\"wp-block-columns is-layout-flex wp-container-15 wp-block-columns-is-layout-flex\">\n<div class=\"wp-block-column is-layout-flow wp-block-column-is-layout-flow\">\n<p>Sie haben bereits ein Projekt am Laufen, und wie Sie vielleicht schon bemerkt haben: Es k\u00f6nnen (und werden wahrscheinlich) Fehler passieren. Egal, wie klein sie am Anfang erscheinen, am Ende k\u00f6nnen sie Sie viel Geld kosten.<\/p>\n\n\n\n<p>Lassen Sie den Prozess also von einer weiteren Person sorgf\u00e4ltig \u00fcberwachen. Ziel der Qualit\u00e4tssicherung ist es, einen zus\u00e4tzlichen leitenden Architekten f\u00fcr das Projekt bereitzustellen, der die Projektleistungen und die allgemeine Nutzung der Cloud-Plattform regelm\u00e4\u00dfig \u00fcberwacht und diesbez\u00fcglich ber\u00e4t.<\/p>\n<\/div>\n\n\n\n<div class=\"wp-block-column is-layout-flow wp-block-column-is-layout-flow\">\n<div class=\"wp-block-image\"><figure class=\"aligncenter size-large\"><img decoding=\"async\" loading=\"lazy\" width=\"399\" height=\"254\" src=\"https:\/\/in516ht.com\/insight-website\/wp-content\/uploads\/2021\/09\/Qualitatssicherung-1.svg\" alt=\"\" class=\"wp-image-6845\"\/><\/figure><\/div>\n<\/div>\n<\/div>\n\n\n\n<div class=\"wp-block-group\"><div class=\"wp-block-group__inner-container is-layout-flow wp-block-group-is-layout-flow\">\n<div class=\"wp-block-columns is-layout-flex wp-container-18 wp-block-columns-is-layout-flex\">\n<div class=\"wp-block-column accordion-column-bg is-layout-flow wp-block-column-is-layout-flow\">\n<p>Inbegriffene Dienstleistungen:<\/p>\n\n\n\n<ul><li>\u00dcberarbeitung der Methodik<\/li><li>\u00dcberarbeitung der Architektur<\/li><li>\u00dcberarbeitung des Codes<\/li><li>Optimierung des Codes<\/li><li>\u00dcberpr\u00fcfung der Sicherheit<\/li><\/ul>\n\n\n\n<ul id=\"block-08fcda85-d1ba-4044-b6ef-22feac6e7941\" class=\"de-seznam bold nunito\"><li>\u00dcberarbeitung der Methodik<\/li><li>\u00dcberarbeitung der Architektur<\/li><li>\u00dcberarbeitung des Codes<\/li><li>Optimierung des Codes<\/li><li>\u00dcberpr\u00fcfung der Sicherheit<\/li><\/ul>\n\n\n\n<div style=\"height:21px\" aria-hidden=\"true\" class=\"wp-block-spacer\"><\/div>\n<\/div>\n\n\n\n<div class=\"wp-block-column accordion-column-bg is-layout-flow wp-block-column-is-layout-flow\">\n<div style=\"height:60px\" aria-hidden=\"true\" class=\"wp-block-spacer\"><\/div>\n\n\n\n<div class=\"menu-button\" style=\"margin: 0px;\"><a href=\"#\" data-toggle=\"modal\" data-target=\"#get-in-touch\" title=\"Get in Touch\">Packen wir\u2018s an!<\/a><\/div>\n\n\n\n<div style=\"height:10px\" aria-hidden=\"true\" class=\"wp-block-spacer\"><\/div>\n<\/div>\n<\/div>\n<\/div><\/div>\n<\/div><\/div>\n\n\n\n<p><\/p>\n","protected":false},"excerpt":{"rendered":"<p>Starten Sie Ihre Snowflake-Reise Bereiten Sie sich auf den Start vor Aufwandssch\u00e4tzung Zweitmeinung Snowflake POC Qualit\u00e4tssicherung Identifizieren Sie neue Anwendungsf\u00e4lle Beschleunigen Sie Ihren Weg zur Cloud #6 Qualit\u00e4tssicherung Vorsicht ist besser als Nachsicht Sie haben bereits ein Projekt am Laufen, und wie Sie vielleicht schon bemerkt haben: Es k\u00f6nnen (und werden wahrscheinlich) Fehler passieren. Egal, [&hellip;]<\/p>\n","protected":false},"author":1,"featured_media":0,"parent":9122,"menu_order":0,"comment_status":"closed","ping_status":"closed","template":"","meta":{"inline_featured_image":false,"footnotes":""},"acf":[],"yoast_head":"<!-- This site is optimized with the Yoast SEO plugin v21.9.1 - https:\/\/yoast.com\/wordpress\/plugins\/seo\/ -->\n<title>Qualit\u00e4tssicherung - IN516HT<\/title>\n<meta name=\"robots\" content=\"index, follow, max-snippet:-1, max-image-preview:large, max-video-preview:-1\" \/>\n<link rel=\"canonical\" href=\"https:\/\/www.in516ht.com\/de\/snowflake-services\/qualitaetssicherung\/\" \/>\n<meta property=\"og:locale\" content=\"de_DE\" \/>\n<meta property=\"og:type\" content=\"article\" \/>\n<meta property=\"og:title\" content=\"Qualit\u00e4tssicherung - IN516HT\" \/>\n<meta property=\"og:description\" content=\"Starten Sie Ihre Snowflake-Reise Bereiten Sie sich auf den Start vor Aufwandssch\u00e4tzung Zweitmeinung Snowflake POC Qualit\u00e4tssicherung Identifizieren Sie neue Anwendungsf\u00e4lle Beschleunigen Sie Ihren Weg zur Cloud #6 Qualit\u00e4tssicherung Vorsicht ist besser als Nachsicht Sie haben bereits ein Projekt am Laufen, und wie Sie vielleicht schon bemerkt haben: Es k\u00f6nnen (und werden wahrscheinlich) Fehler passieren. Egal, [&hellip;]\" \/>\n<meta property=\"og:url\" content=\"https:\/\/www.in516ht.com\/de\/snowflake-services\/qualitaetssicherung\/\" \/>\n<meta property=\"og:site_name\" content=\"IN516HT\" \/>\n<meta property=\"article:modified_time\" content=\"2022-06-23T07:33:42+00:00\" \/>\n<meta property=\"og:image\" content=\"https:\/\/in516ht.com\/insight-website\/wp-content\/uploads\/2021\/09\/Qualitatssicherung-1.svg\" \/>\n<meta name=\"twitter:card\" content=\"summary_large_image\" \/>\n<meta name=\"twitter:label1\" content=\"Est. reading time\" \/>\n\t<meta name=\"twitter:data1\" content=\"1 minute\" \/>\n<script type=\"application\/ld+json\" class=\"yoast-schema-graph\">{\"@context\":\"https:\/\/schema.org\",\"@graph\":[{\"@type\":\"WebPage\",\"@id\":\"https:\/\/www.in516ht.com\/de\/snowflake-services\/qualitaetssicherung\/\",\"url\":\"https:\/\/www.in516ht.com\/de\/snowflake-services\/qualitaetssicherung\/\",\"name\":\"Qualit\u00e4tssicherung - IN516HT\",\"isPartOf\":{\"@id\":\"https:\/\/in516ht.com\/#website\"},\"datePublished\":\"2021-09-09T09:30:54+00:00\",\"dateModified\":\"2022-06-23T07:33:42+00:00\",\"breadcrumb\":{\"@id\":\"https:\/\/www.in516ht.com\/de\/snowflake-services\/qualitaetssicherung\/#breadcrumb\"},\"inLanguage\":\"de-DE\",\"potentialAction\":[{\"@type\":\"ReadAction\",\"target\":[\"https:\/\/www.in516ht.com\/de\/snowflake-services\/qualitaetssicherung\/\"]}]},{\"@type\":\"BreadcrumbList\",\"@id\":\"https:\/\/www.in516ht.com\/de\/snowflake-services\/qualitaetssicherung\/#breadcrumb\",\"itemListElement\":[{\"@type\":\"ListItem\",\"position\":1,\"name\":\"Home\",\"item\":\"https:\/\/in516ht.com\/de\/\"},{\"@type\":\"ListItem\",\"position\":2,\"name\":\"Snowflake services\",\"item\":\"https:\/\/in516ht.com\/de\/snowflake-services\/\"},{\"@type\":\"ListItem\",\"position\":3,\"name\":\"Qualit\u00e4tssicherung\"}]},{\"@type\":\"WebSite\",\"@id\":\"https:\/\/in516ht.com\/#website\",\"url\":\"https:\/\/in516ht.com\/\",\"name\":\"IN516HT\",\"description\":\"\",\"potentialAction\":[{\"@type\":\"SearchAction\",\"target\":{\"@type\":\"EntryPoint\",\"urlTemplate\":\"https:\/\/in516ht.com\/?s={search_term_string}\"},\"query-input\":\"required name=search_term_string\"}],\"inLanguage\":\"de-DE\"}]}<\/script>\n<!-- \/ Yoast SEO plugin. -->","yoast_head_json":{"title":"Qualit\u00e4tssicherung - IN516HT","robots":{"index":"index","follow":"follow","max-snippet":"max-snippet:-1","max-image-preview":"max-image-preview:large","max-video-preview":"max-video-preview:-1"},"canonical":"https:\/\/www.in516ht.com\/de\/snowflake-services\/qualitaetssicherung\/","og_locale":"de_DE","og_type":"article","og_title":"Qualit\u00e4tssicherung - IN516HT","og_description":"Starten Sie Ihre Snowflake-Reise Bereiten Sie sich auf den Start vor Aufwandssch\u00e4tzung Zweitmeinung Snowflake POC Qualit\u00e4tssicherung Identifizieren Sie neue Anwendungsf\u00e4lle Beschleunigen Sie Ihren Weg zur Cloud #6 Qualit\u00e4tssicherung Vorsicht ist besser als Nachsicht Sie haben bereits ein Projekt am Laufen, und wie Sie vielleicht schon bemerkt haben: Es k\u00f6nnen (und werden wahrscheinlich) Fehler passieren. Egal, [&hellip;]","og_url":"https:\/\/www.in516ht.com\/de\/snowflake-services\/qualitaetssicherung\/","og_site_name":"IN516HT","article_modified_time":"2022-06-23T07:33:42+00:00","og_image":[{"url":"https:\/\/in516ht.com\/insight-website\/wp-content\/uploads\/2021\/09\/Qualitatssicherung-1.svg"}],"twitter_card":"summary_large_image","twitter_misc":{"Est. reading time":"1 minute"},"schema":{"@context":"https:\/\/schema.org","@graph":[{"@type":"WebPage","@id":"https:\/\/www.in516ht.com\/de\/snowflake-services\/qualitaetssicherung\/","url":"https:\/\/www.in516ht.com\/de\/snowflake-services\/qualitaetssicherung\/","name":"Qualit\u00e4tssicherung - IN516HT","isPartOf":{"@id":"https:\/\/in516ht.com\/#website"},"datePublished":"2021-09-09T09:30:54+00:00","dateModified":"2022-06-23T07:33:42+00:00","breadcrumb":{"@id":"https:\/\/www.in516ht.com\/de\/snowflake-services\/qualitaetssicherung\/#breadcrumb"},"inLanguage":"de-DE","potentialAction":[{"@type":"ReadAction","target":["https:\/\/www.in516ht.com\/de\/snowflake-services\/qualitaetssicherung\/"]}]},{"@type":"BreadcrumbList","@id":"https:\/\/www.in516ht.com\/de\/snowflake-services\/qualitaetssicherung\/#breadcrumb","itemListElement":[{"@type":"ListItem","position":1,"name":"Home","item":"https:\/\/in516ht.com\/de\/"},{"@type":"ListItem","position":2,"name":"Snowflake services","item":"https:\/\/in516ht.com\/de\/snowflake-services\/"},{"@type":"ListItem","position":3,"name":"Qualit\u00e4tssicherung"}]},{"@type":"WebSite","@id":"https:\/\/in516ht.com\/#website","url":"https:\/\/in516ht.com\/","name":"IN516HT","description":"","potentialAction":[{"@type":"SearchAction","target":{"@type":"EntryPoint","urlTemplate":"https:\/\/in516ht.com\/?s={search_term_string}"},"query-input":"required name=search_term_string"}],"inLanguage":"de-DE"}]}},"_links":{"self":[{"href":"https:\/\/www.in516ht.com\/de\/wp-json\/wp\/v2\/pages\/6386"}],"collection":[{"href":"https:\/\/www.in516ht.com\/de\/wp-json\/wp\/v2\/pages"}],"about":[{"href":"https:\/\/www.in516ht.com\/de\/wp-json\/wp\/v2\/types\/page"}],"author":[{"embeddable":true,"href":"https:\/\/www.in516ht.com\/de\/wp-json\/wp\/v2\/users\/1"}],"replies":[{"embeddable":true,"href":"https:\/\/www.in516ht.com\/de\/wp-json\/wp\/v2\/comments?post=6386"}],"version-history":[{"count":18,"href":"https:\/\/www.in516ht.com\/de\/wp-json\/wp\/v2\/pages\/6386\/revisions"}],"predecessor-version":[{"id":7000,"href":"https:\/\/www.in516ht.com\/de\/wp-json\/wp\/v2\/pages\/6386\/revisions\/7000"}],"up":[{"embeddable":true,"href":"https:\/\/www.in516ht.com\/de\/wp-json\/wp\/v2\/pages\/9122"}],"wp:attachment":[{"href":"https:\/\/www.in516ht.com\/de\/wp-json\/wp\/v2\/media?parent=6386"}],"curies":[{"name":"wp","href":"https:\/\/api.w.org\/{rel}","templated":true}]}}