{"id":6388,"date":"2021-09-09T09:31:02","date_gmt":"2021-09-09T09:31:02","guid":{"rendered":"https:\/\/www.in516ht.com\/?page_id=6388"},"modified":"2022-06-23T07:33:42","modified_gmt":"2022-06-23T07:33:42","slug":"identifizieren-sie-neue-anwendungsfaelle","status":"publish","type":"page","link":"https:\/\/www.in516ht.com\/de\/snowflake-services\/identifizieren-sie-neue-anwendungsfaelle\/","title":{"rendered":"Identifizieren Sie neue Anwendungsf\u00e4lle"},"content":{"rendered":"\n<div id=\"start\"><\/div>\n<style>\n#start {\n    display: block;\n    position: relative;\n    top: -150px;\n    visibility: hidden;\n}\n<\/style>\n\n\n\n<div class=\"wp-block-columns de-tabs-spacing is-layout-flex wp-container-5 wp-block-columns-is-layout-flex\">\n<div class=\"wp-block-column is-layout-flow wp-block-column-is-layout-flow\">\n<a href=\"\/de\/starten-sie-ihre-snowflake-reise\/#start\"><div class=\"de-tabs\"><span>Starten Sie Ihre Snowflake-Reise<\/span><\/div><\/a>\n<\/div>\n\n\n\n<div class=\"wp-block-column is-layout-flow wp-block-column-is-layout-flow\">\n<a href=\"\/de\/bereiten-sie-sich-auf-den-start-vor\/#start\"><div class=\"de-tabs\"><span>Bereiten Sie sich auf den Start vor<\/span><\/div><\/a>\n<\/div>\n\n\n\n<div class=\"wp-block-column is-layout-flow wp-block-column-is-layout-flow\">\n<a href=\"\/de\/aufwandsschaetzung\/#start\"><div class=\"de-tabs\"><span>Aufwandssch\u00e4tzung<\/span><\/div><\/a>\n<\/div>\n\n\n\n<div class=\"wp-block-column is-layout-flow wp-block-column-is-layout-flow\">\n<a href=\"\/de\/zweitmeinung\/#start\"><div class=\"de-tabs\"><span>Zweitmeinung<\/span><\/div><\/a>\n<\/div>\n<\/div>\n\n\n\n<div class=\"wp-block-columns de-tabs-spacing is-layout-flex wp-container-10 wp-block-columns-is-layout-flex\">\n<div class=\"wp-block-column is-layout-flow wp-block-column-is-layout-flow\">\n<a href=\"\/de\/snowflake-poc\/#start\"><div class=\"de-tabs\"><span>Snowflake POC<\/span><\/div><\/a>\n<\/div>\n\n\n\n<div class=\"wp-block-column is-layout-flow wp-block-column-is-layout-flow\">\n<a href=\"\/de\/qualitaetssicherung\/#start\"><div class=\"de-tabs\"><span>Qualit\u00e4tssicherung<\/span><\/div><\/a>\n<\/div>\n\n\n\n<div class=\"wp-block-column is-layout-flow wp-block-column-is-layout-flow\">\n<a href=\"\/de\/identifizieren-sie-neue-anwendungsfaelle\/#start\"><div class=\"de-tabs selected\"><span>Identifizieren Sie neue Anwendungsf\u00e4lle<\/span><\/div><\/a>\n<\/div>\n\n\n\n<div class=\"wp-block-column is-layout-flow wp-block-column-is-layout-flow\">\n<a href=\"\/de\/beschleunigen-sie-ihren-weg-zur-cloud\/#start\"><div class=\"de-tabs\"><span>Beschleunigen Sie Ihren Weg zur Cloud<\/span><\/div><\/a>\n<\/div>\n<\/div>\n\n\n\n<div class=\"wp-block-group accordion-wrapper de\"><div class=\"wp-block-group__inner-container is-layout-flow wp-block-group-is-layout-flow\">\n<h2 class=\"accordion-title de has-background wp-block-heading\" style=\"background-color:#e6ae1e\">#7 Identifizieren Sie neue Anwendungsf\u00e4lle<\/h2>\n\n\n\n<div style=\"height:10px\" aria-hidden=\"true\" class=\"wp-block-spacer\"><\/div>\n\n\n\n<p class=\"accordion-subtitle has-normal-font-size\"><strong>Aus Herausforderungen geborene Ideen<\/strong><\/p>\n\n\n\n<div class=\"wp-block-columns is-layout-flex wp-container-13 wp-block-columns-is-layout-flex\">\n<div class=\"wp-block-column is-layout-flow wp-block-column-is-layout-flow\">\n<p>Neue Anwendungsf\u00e4lle sind nicht nur eine Frage der Technologie. Allein durch die Verwendung von Snowflake werden Sie Teil der Data Cloud, was bedeutet, dass sich Ihre M\u00f6glichkeiten exponentiell vergr\u00f6\u00dfern und buchst\u00e4blich endlos werden, da Sie Teil eines gro\u00dfen Netzwerks vernetzter Daten werden.<\/p>\n\n\n\n<p>Und mehr Daten bedeuten bessere Erkenntnisse \u2013 aber man muss es auch richtig machen. Wir betrachten dies aus der Unternehmensperspektive, um die richtige datengesteuerte L\u00f6sung zu finden, die eine enge Beziehung zwischen den Benutzern und allen verf\u00fcgbaren Daten herstellt.<\/p>\n<\/div>\n\n\n\n<div class=\"wp-block-column is-layout-flow wp-block-column-is-layout-flow\">\n<div class=\"wp-block-image\"><figure class=\"aligncenter size-large\"><img decoding=\"async\" loading=\"lazy\" width=\"312\" height=\"279\" src=\"https:\/\/in516ht.com\/insight-website\/wp-content\/uploads\/2021\/09\/Identifizieren-Sie-neue-Anwendungsfalle-1.svg\" alt=\"\" class=\"wp-image-6858\"\/><\/figure><\/div>\n<\/div>\n<\/div>\n\n\n\n<div class=\"wp-block-group\"><div class=\"wp-block-group__inner-container is-layout-flow wp-block-group-is-layout-flow\">\n<div class=\"wp-block-columns is-layout-flex wp-container-16 wp-block-columns-is-layout-flex\">\n<div class=\"wp-block-column accordion-column-bg is-layout-flow wp-block-column-is-layout-flow\">\n<p><strong>Ein guter Anwendungsfall muss einen gesch\u00e4ftlichen Nutzen bieten, weshalb Ihre aktuellen Herausforderungen und W\u00fcnsche im Mittelpunkt stehen.<\/strong><\/p>\n\n\n\n<p>Mit minimalen Vorabinvestitionen und geringem Bedarf an internem Fachwissen sind Sie nur einen Schritt davon entfernt, verschiedene Ans\u00e4tze, die auf den neuesten Trends Ihrer Branche basieren, umzusetzen \u2013 wie man sich gro\u00dfe Ziele steckt, aber klein und schnell beginnt.<\/p>\n\n\n\n<div style=\"height:21px\" aria-hidden=\"true\" class=\"wp-block-spacer\"><\/div>\n<\/div>\n\n\n\n<div class=\"wp-block-column accordion-column-bg is-layout-flow wp-block-column-is-layout-flow\">\n<p>Lassen Sie uns die Karten Ihrer Datens\u00e4tze neu mischen und einen neuen Blick auf Ihr Unternehmen er\u00f6ffnen. In diesen F\u00e4llen k\u00f6nnen wir unserer Kreativit\u00e4t freien Lauf lassen und erstaunliche Erkenntnisse gewinnen, von denen Sie vielleicht gar nicht wissen, dass es sie gibt.<\/p>\n\n\n\n<p><strong>Die Liste der neuen Anwendungsf\u00e4lle ist endlos \u2013 von M\u00f6glichkeiten des Datenaustauschs bis hin zu KI- und Data-Lake-Optionen \u2013 und mit wem k\u00f6nnte man sie besser erkunden als mit Snowflakes innovativstem Partner in der EMEA-Region 2021.<\/strong><\/p>\n\n\n\n<div style=\"height:21px\" aria-hidden=\"true\" class=\"wp-block-spacer\"><\/div>\n\n\n\n<div class=\"menu-button\" style=\"margin: 0px;\"><a href=\"#\" data-toggle=\"modal\" data-target=\"#get-in-touch\" title=\"Klingt nach einem Plan \u2013 let\u2019s connect!\">Get in touch<\/a><\/div>\n\n\n\n<div style=\"height:15px\" aria-hidden=\"true\" class=\"wp-block-spacer\"><\/div>\n<\/div>\n<\/div>\n\n\n\n<div style=\"height:30px\" aria-hidden=\"true\" class=\"wp-block-spacer\"><\/div>\n<\/div><\/div>\n<\/div><\/div>\n","protected":false},"excerpt":{"rendered":"<p>Starten Sie Ihre Snowflake-Reise Bereiten Sie sich auf den Start vor Aufwandssch\u00e4tzung Zweitmeinung Snowflake POC Qualit\u00e4tssicherung Identifizieren Sie neue Anwendungsf\u00e4lle Beschleunigen Sie Ihren Weg zur Cloud #7 Identifizieren Sie neue Anwendungsf\u00e4lle Aus Herausforderungen geborene Ideen Neue Anwendungsf\u00e4lle sind nicht nur eine Frage der Technologie. Allein durch die Verwendung von Snowflake werden Sie Teil der Data [&hellip;]<\/p>\n","protected":false},"author":1,"featured_media":0,"parent":9122,"menu_order":0,"comment_status":"closed","ping_status":"closed","template":"","meta":{"inline_featured_image":false,"footnotes":""},"acf":[],"yoast_head":"<!-- This site is optimized with the Yoast SEO plugin v21.9.1 - https:\/\/yoast.com\/wordpress\/plugins\/seo\/ -->\n<title>Identifizieren Sie neue Anwendungsf\u00e4lle - IN516HT<\/title>\n<meta name=\"robots\" content=\"index, follow, max-snippet:-1, max-image-preview:large, max-video-preview:-1\" \/>\n<link rel=\"canonical\" href=\"https:\/\/www.in516ht.com\/de\/snowflake-services\/identifizieren-sie-neue-anwendungsfaelle\/\" \/>\n<meta property=\"og:locale\" content=\"de_DE\" \/>\n<meta property=\"og:type\" content=\"article\" \/>\n<meta property=\"og:title\" content=\"Identifizieren Sie neue Anwendungsf\u00e4lle - IN516HT\" \/>\n<meta property=\"og:description\" content=\"Starten Sie Ihre Snowflake-Reise Bereiten Sie sich auf den Start vor Aufwandssch\u00e4tzung Zweitmeinung Snowflake POC Qualit\u00e4tssicherung Identifizieren Sie neue Anwendungsf\u00e4lle Beschleunigen Sie Ihren Weg zur Cloud #7 Identifizieren Sie neue Anwendungsf\u00e4lle Aus Herausforderungen geborene Ideen Neue Anwendungsf\u00e4lle sind nicht nur eine Frage der Technologie. Allein durch die Verwendung von Snowflake werden Sie Teil der Data [&hellip;]\" \/>\n<meta property=\"og:url\" content=\"https:\/\/www.in516ht.com\/de\/snowflake-services\/identifizieren-sie-neue-anwendungsfaelle\/\" \/>\n<meta property=\"og:site_name\" content=\"IN516HT\" \/>\n<meta property=\"article:modified_time\" content=\"2022-06-23T07:33:42+00:00\" \/>\n<meta property=\"og:image\" content=\"https:\/\/in516ht.com\/insight-website\/wp-content\/uploads\/2021\/09\/Identifizieren-Sie-neue-Anwendungsfalle-1.svg\" \/>\n<meta name=\"twitter:card\" content=\"summary_large_image\" \/>\n<meta name=\"twitter:label1\" content=\"Est. reading time\" \/>\n\t<meta name=\"twitter:data1\" content=\"2 minutes\" \/>\n<script type=\"application\/ld+json\" class=\"yoast-schema-graph\">{\"@context\":\"https:\/\/schema.org\",\"@graph\":[{\"@type\":\"WebPage\",\"@id\":\"https:\/\/www.in516ht.com\/de\/snowflake-services\/identifizieren-sie-neue-anwendungsfaelle\/\",\"url\":\"https:\/\/www.in516ht.com\/de\/snowflake-services\/identifizieren-sie-neue-anwendungsfaelle\/\",\"name\":\"Identifizieren Sie neue Anwendungsf\u00e4lle - IN516HT\",\"isPartOf\":{\"@id\":\"https:\/\/in516ht.com\/#website\"},\"datePublished\":\"2021-09-09T09:31:02+00:00\",\"dateModified\":\"2022-06-23T07:33:42+00:00\",\"breadcrumb\":{\"@id\":\"https:\/\/www.in516ht.com\/de\/snowflake-services\/identifizieren-sie-neue-anwendungsfaelle\/#breadcrumb\"},\"inLanguage\":\"de-DE\",\"potentialAction\":[{\"@type\":\"ReadAction\",\"target\":[\"https:\/\/www.in516ht.com\/de\/snowflake-services\/identifizieren-sie-neue-anwendungsfaelle\/\"]}]},{\"@type\":\"BreadcrumbList\",\"@id\":\"https:\/\/www.in516ht.com\/de\/snowflake-services\/identifizieren-sie-neue-anwendungsfaelle\/#breadcrumb\",\"itemListElement\":[{\"@type\":\"ListItem\",\"position\":1,\"name\":\"Home\",\"item\":\"https:\/\/in516ht.com\/de\/\"},{\"@type\":\"ListItem\",\"position\":2,\"name\":\"Snowflake services\",\"item\":\"https:\/\/in516ht.com\/de\/snowflake-services\/\"},{\"@type\":\"ListItem\",\"position\":3,\"name\":\"Identifizieren Sie neue Anwendungsf\u00e4lle\"}]},{\"@type\":\"WebSite\",\"@id\":\"https:\/\/in516ht.com\/#website\",\"url\":\"https:\/\/in516ht.com\/\",\"name\":\"IN516HT\",\"description\":\"\",\"potentialAction\":[{\"@type\":\"SearchAction\",\"target\":{\"@type\":\"EntryPoint\",\"urlTemplate\":\"https:\/\/in516ht.com\/?s={search_term_string}\"},\"query-input\":\"required name=search_term_string\"}],\"inLanguage\":\"de-DE\"}]}<\/script>\n<!-- \/ Yoast SEO plugin. -->","yoast_head_json":{"title":"Identifizieren Sie neue Anwendungsf\u00e4lle - IN516HT","robots":{"index":"index","follow":"follow","max-snippet":"max-snippet:-1","max-image-preview":"max-image-preview:large","max-video-preview":"max-video-preview:-1"},"canonical":"https:\/\/www.in516ht.com\/de\/snowflake-services\/identifizieren-sie-neue-anwendungsfaelle\/","og_locale":"de_DE","og_type":"article","og_title":"Identifizieren Sie neue Anwendungsf\u00e4lle - IN516HT","og_description":"Starten Sie Ihre Snowflake-Reise Bereiten Sie sich auf den Start vor Aufwandssch\u00e4tzung Zweitmeinung Snowflake POC Qualit\u00e4tssicherung Identifizieren Sie neue Anwendungsf\u00e4lle Beschleunigen Sie Ihren Weg zur Cloud #7 Identifizieren Sie neue Anwendungsf\u00e4lle Aus Herausforderungen geborene Ideen Neue Anwendungsf\u00e4lle sind nicht nur eine Frage der Technologie. Allein durch die Verwendung von Snowflake werden Sie Teil der Data [&hellip;]","og_url":"https:\/\/www.in516ht.com\/de\/snowflake-services\/identifizieren-sie-neue-anwendungsfaelle\/","og_site_name":"IN516HT","article_modified_time":"2022-06-23T07:33:42+00:00","og_image":[{"url":"https:\/\/in516ht.com\/insight-website\/wp-content\/uploads\/2021\/09\/Identifizieren-Sie-neue-Anwendungsfalle-1.svg"}],"twitter_card":"summary_large_image","twitter_misc":{"Est. reading time":"2 minutes"},"schema":{"@context":"https:\/\/schema.org","@graph":[{"@type":"WebPage","@id":"https:\/\/www.in516ht.com\/de\/snowflake-services\/identifizieren-sie-neue-anwendungsfaelle\/","url":"https:\/\/www.in516ht.com\/de\/snowflake-services\/identifizieren-sie-neue-anwendungsfaelle\/","name":"Identifizieren Sie neue Anwendungsf\u00e4lle - IN516HT","isPartOf":{"@id":"https:\/\/in516ht.com\/#website"},"datePublished":"2021-09-09T09:31:02+00:00","dateModified":"2022-06-23T07:33:42+00:00","breadcrumb":{"@id":"https:\/\/www.in516ht.com\/de\/snowflake-services\/identifizieren-sie-neue-anwendungsfaelle\/#breadcrumb"},"inLanguage":"de-DE","potentialAction":[{"@type":"ReadAction","target":["https:\/\/www.in516ht.com\/de\/snowflake-services\/identifizieren-sie-neue-anwendungsfaelle\/"]}]},{"@type":"BreadcrumbList","@id":"https:\/\/www.in516ht.com\/de\/snowflake-services\/identifizieren-sie-neue-anwendungsfaelle\/#breadcrumb","itemListElement":[{"@type":"ListItem","position":1,"name":"Home","item":"https:\/\/in516ht.com\/de\/"},{"@type":"ListItem","position":2,"name":"Snowflake services","item":"https:\/\/in516ht.com\/de\/snowflake-services\/"},{"@type":"ListItem","position":3,"name":"Identifizieren Sie neue Anwendungsf\u00e4lle"}]},{"@type":"WebSite","@id":"https:\/\/in516ht.com\/#website","url":"https:\/\/in516ht.com\/","name":"IN516HT","description":"","potentialAction":[{"@type":"SearchAction","target":{"@type":"EntryPoint","urlTemplate":"https:\/\/in516ht.com\/?s={search_term_string}"},"query-input":"required name=search_term_string"}],"inLanguage":"de-DE"}]}},"_links":{"self":[{"href":"https:\/\/www.in516ht.com\/de\/wp-json\/wp\/v2\/pages\/6388"}],"collection":[{"href":"https:\/\/www.in516ht.com\/de\/wp-json\/wp\/v2\/pages"}],"about":[{"href":"https:\/\/www.in516ht.com\/de\/wp-json\/wp\/v2\/types\/page"}],"author":[{"embeddable":true,"href":"https:\/\/www.in516ht.com\/de\/wp-json\/wp\/v2\/users\/1"}],"replies":[{"embeddable":true,"href":"https:\/\/www.in516ht.com\/de\/wp-json\/wp\/v2\/comments?post=6388"}],"version-history":[{"count":8,"href":"https:\/\/www.in516ht.com\/de\/wp-json\/wp\/v2\/pages\/6388\/revisions"}],"predecessor-version":[{"id":6947,"href":"https:\/\/www.in516ht.com\/de\/wp-json\/wp\/v2\/pages\/6388\/revisions\/6947"}],"up":[{"embeddable":true,"href":"https:\/\/www.in516ht.com\/de\/wp-json\/wp\/v2\/pages\/9122"}],"wp:attachment":[{"href":"https:\/\/www.in516ht.com\/de\/wp-json\/wp\/v2\/media?parent=6388"}],"curies":[{"name":"wp","href":"https:\/\/api.w.org\/{rel}","templated":true}]}}