{"id":6390,"date":"2021-09-09T09:31:10","date_gmt":"2021-09-09T09:31:10","guid":{"rendered":"https:\/\/www.in516ht.com\/?page_id=6390"},"modified":"2022-06-23T07:33:42","modified_gmt":"2022-06-23T07:33:42","slug":"beschleunigen-sie-ihren-weg-zur-cloud","status":"publish","type":"page","link":"https:\/\/www.in516ht.com\/de\/snowflake-services\/beschleunigen-sie-ihren-weg-zur-cloud\/","title":{"rendered":"Beschleunigen Sie Ihren Weg zur Cloud"},"content":{"rendered":"\n<div id=\"start\"><\/div>\n<style>\n#start {\n    display: block;\n    position: relative;\n    top: -150px;\n    visibility: hidden;\n}\n<\/style>\n\n\n\n<div class=\"wp-block-columns de-tabs-spacing is-layout-flex wp-container-5 wp-block-columns-is-layout-flex\">\n<div class=\"wp-block-column is-layout-flow wp-block-column-is-layout-flow\">\n<a href=\"\/de\/starten-sie-ihre-snowflake-reise\/#start\"><div class=\"de-tabs\"><span>Starten Sie Ihre Snowflake-Reise<\/span><\/div><\/a>\n<\/div>\n\n\n\n<div class=\"wp-block-column is-layout-flow wp-block-column-is-layout-flow\">\n<a href=\"\/de\/bereiten-sie-sich-auf-den-start-vor\/#start\"><div class=\"de-tabs\"><span>Bereiten Sie sich auf den Start vor<\/span><\/div><\/a>\n<\/div>\n\n\n\n<div class=\"wp-block-column is-layout-flow wp-block-column-is-layout-flow\">\n<a href=\"\/de\/aufwandsschaetzung\/#start\"><div class=\"de-tabs\"><span>Aufwandssch\u00e4tzung<\/span><\/div><\/a>\n<\/div>\n\n\n\n<div class=\"wp-block-column is-layout-flow wp-block-column-is-layout-flow\">\n<a href=\"\/de\/zweitmeinung\/#start\"><div class=\"de-tabs\"><span>Zweitmeinung<\/span><\/div><\/a>\n<\/div>\n<\/div>\n\n\n\n<div class=\"wp-block-columns de-tabs-spacing is-layout-flex wp-container-10 wp-block-columns-is-layout-flex\">\n<div class=\"wp-block-column is-layout-flow wp-block-column-is-layout-flow\">\n<a href=\"\/de\/snowflake-poc\/#start\"><div class=\"de-tabs\"><span>Snowflake POC<\/span><\/div><\/a>\n<\/div>\n\n\n\n<div class=\"wp-block-column is-layout-flow wp-block-column-is-layout-flow\">\n<a href=\"\/de\/qualitaetssicherung\/#start\"><div class=\"de-tabs\"><span>Qualit\u00e4tssicherung<\/span><\/div><\/a>\n<\/div>\n\n\n\n<div class=\"wp-block-column is-layout-flow wp-block-column-is-layout-flow\">\n<a href=\"\/de\/identifizieren-sie-neue-anwendungsfaelle\/#start\"><div class=\"de-tabs\"><span>Identifizieren Sie neue Anwendungsf\u00e4lle<\/span><\/div><\/a>\n<\/div>\n\n\n\n<div class=\"wp-block-column is-layout-flow wp-block-column-is-layout-flow\">\n<a href=\"\/de\/beschleunigen-sie-ihren-weg-zur-cloud\/#start\"><div class=\"de-tabs selected\"><span>Beschleunigen Sie Ihren Weg zur Cloud<\/span><\/div><\/a>\n<\/div>\n<\/div>\n\n\n\n<div class=\"wp-block-group accordion-wrapper de\"><div class=\"wp-block-group__inner-container is-layout-flow wp-block-group-is-layout-flow\">\n<h2 class=\"accordion-title de has-background wp-block-heading\" style=\"background-color:#e6ae1e\">#8 Beschleunigen Sie Ihren Weg zur Cloud<\/h2>\n\n\n\n<div style=\"height:10px\" aria-hidden=\"true\" class=\"wp-block-spacer\"><\/div>\n\n\n\n<p class=\"accordion-subtitle has-normal-font-size\"><strong>Entwickelt in unserem Innovationslabor<\/strong><\/p>\n\n\n\n<div class=\"wp-block-columns is-layout-flex wp-container-13 wp-block-columns-is-layout-flex\">\n<div class=\"wp-block-column is-layout-flow wp-block-column-is-layout-flow\">\n<p>Wir haben die verschiedenen M\u00f6glichkeiten, unsere Projekte zu beschleunigen, immer wieder infrage gestellt, getestet und neu bewertet. Wie lassen sich Lieferzeiten, Risiken und Kosten reduzieren? Wie k\u00f6nnen wir unsere Kunden ein paar Schritte weiter bringen als alle anderen?<\/p>\n\n\n\n<p>Alles, was wir auf unserem Weg gelernt haben, haben wir in unsere Assets und Branchenl\u00f6sungen integriert. Wenn wir der Meinung sind, dass es sich um eine passende L\u00f6sung handelt, werden wir Ihren Stack gerne mit den ausgew\u00e4hlten Elementen aufstocken.<\/p>\n<\/div>\n\n\n\n<div class=\"wp-block-column is-layout-flow wp-block-column-is-layout-flow\">\n<div class=\"wp-block-image\"><figure class=\"aligncenter size-large\"><img decoding=\"async\" loading=\"lazy\" width=\"418\" height=\"275\" src=\"https:\/\/in516ht.com\/insight-website\/wp-content\/uploads\/2021\/09\/Beschleunigen-Sie-Ihren-Weg-zur-Cloud.svg\" alt=\"\" class=\"wp-image-6871\"\/><\/figure><\/div>\n<\/div>\n<\/div>\n\n\n\n<div class=\"wp-block-group\"><div class=\"wp-block-group__inner-container is-layout-flow wp-block-group-is-layout-flow\">\n<div class=\"wp-block-columns is-layout-flex wp-container-16 wp-block-columns-is-layout-flex\">\n<div class=\"wp-block-column accordion-column-bg is-layout-flow wp-block-column-is-layout-flow\">\n<div style=\"height:20px\" aria-hidden=\"true\" class=\"wp-block-spacer\"><\/div>\n\n\n\n<figure class=\"wp-block-image size-medium is-resized\"><img decoding=\"async\" loading=\"lazy\" src=\"https:\/\/in516ht.com\/insight-website\/wp-content\/uploads\/2021\/09\/DataMerlin_wizard_dark_blue.svg\" alt=\"\" class=\"wp-image-6874\" width=\"39\" height=\"44\"\/><\/figure>\n\n\n\n<p><strong>DataMerlin, Data Warehouse Automation Plattform<\/strong> \u2013 sparen Sie Zeit, Geld und jede Menge Stress, indem Sie Ihre ETL-Prozesse automatisieren.<\/p>\n\n\n\n<p><strong><a href=\"https:\/\/in516ht.com\/innovation-lab\/datamerlin-data-warehouse-automation\/datamerlin-overview\/\">Lernen Sie den Zauberer kennen<\/a><\/strong><\/p>\n\n\n\n<div style=\"height:20px\" aria-hidden=\"true\" class=\"wp-block-spacer\"><\/div>\n\n\n\n<figure class=\"wp-block-image size-medium is-resized\"><img decoding=\"async\" loading=\"lazy\" src=\"https:\/\/in516ht.com\/insight-website\/wp-content\/uploads\/2021\/09\/antfarm_darkblue.svg\" alt=\"\" class=\"wp-image-6889\" width=\"29\" height=\"31\"\/><\/figure>\n\n\n\n<p><strong>antFarm, Datenmigrationsl\u00f6sung<\/strong> \u2013 verschieben Sie Ihre Daten an einem einzigen Tag von der On-Premise-Umgebung in die Cloud.<\/p>\n\n\n\n<p><strong><a href=\"https:\/\/in516ht.com\/innovation-lab\/antfarm-lift-n-shift\/antfarm-overview\/\">Lernen Sie die flei\u00dfigen Ameisen kennen<\/a><\/strong><\/p>\n\n\n\n<div style=\"height:21px\" aria-hidden=\"true\" class=\"wp-block-spacer\"><\/div>\n<\/div>\n\n\n\n<div class=\"wp-block-column accordion-column-bg is-layout-flow wp-block-column-is-layout-flow\">\n<div style=\"height:20px\" aria-hidden=\"true\" class=\"wp-block-spacer\"><\/div>\n\n\n\n<figure class=\"wp-block-image size-medium is-resized\"><img decoding=\"async\" loading=\"lazy\" src=\"https:\/\/in516ht.com\/insight-website\/wp-content\/uploads\/2021\/09\/Parsaur_darkblue.svg\" alt=\"\" class=\"wp-image-6895\" width=\"45\" height=\"45\"\/><\/figure>\n\n\n\n<p><strong>Parsaur, Code Transformation &amp; Lineage Tool <\/strong>\u2013 \u00fcbersetzen Sie Code von einer Sprache in eine andere und konvertieren Sie plattformspezifische Ressourcen und Funktionen.<\/p>\n\n\n\n<p><strong><a href=\"https:\/\/in516ht.com\/innovation-lab\/parsaur\/overview\/\">Lernen Sie unseren Dino kennen<\/a><\/strong><\/p>\n\n\n\n<div style=\"height:27px\" aria-hidden=\"true\" class=\"wp-block-spacer\"><\/div>\n\n\n\n<figure class=\"wp-block-image size-medium is-resized\"><img decoding=\"async\" loading=\"lazy\" src=\"https:\/\/in516ht.com\/insight-website\/wp-content\/uploads\/2021\/09\/codify_logo_color-01-3-1.svg\" alt=\"\" class=\"wp-image-6907\" width=\"89\" height=\"29\"\/><\/figure>\n\n\n\n<p><strong>Codify, MDM-Anwendung \u2013 <\/strong>verwalten Sie Ihre Stammdaten und Prozess-Governance.<\/p>\n\n\n\n<p><strong><a href=\"https:\/\/in516ht.com\/innovation-lab\/codify\/\">Lernen Sie den MDM-Master kennen<\/a><\/strong><\/p>\n\n\n\n<div style=\"height:21px\" aria-hidden=\"true\" class=\"wp-block-spacer\"><\/div>\n<\/div>\n<\/div>\n\n\n\n<div style=\"height:30px\" aria-hidden=\"true\" class=\"wp-block-spacer\"><\/div>\n<\/div><\/div>\n<\/div><\/div>\n","protected":false},"excerpt":{"rendered":"<p>Starten Sie Ihre Snowflake-Reise Bereiten Sie sich auf den Start vor Aufwandssch\u00e4tzung Zweitmeinung Snowflake POC Qualit\u00e4tssicherung Identifizieren Sie neue Anwendungsf\u00e4lle Beschleunigen Sie Ihren Weg zur Cloud #8 Beschleunigen Sie Ihren Weg zur Cloud Entwickelt in unserem Innovationslabor Wir haben die verschiedenen M\u00f6glichkeiten, unsere Projekte zu beschleunigen, immer wieder infrage gestellt, getestet und neu bewertet. Wie [&hellip;]<\/p>\n","protected":false},"author":1,"featured_media":0,"parent":9122,"menu_order":0,"comment_status":"closed","ping_status":"closed","template":"","meta":{"inline_featured_image":false,"footnotes":""},"acf":[],"yoast_head":"<!-- This site is optimized with the Yoast SEO plugin v21.9.1 - https:\/\/yoast.com\/wordpress\/plugins\/seo\/ -->\n<title>Beschleunigen Sie Ihren Weg zur Cloud - IN516HT<\/title>\n<meta name=\"robots\" content=\"index, follow, max-snippet:-1, max-image-preview:large, max-video-preview:-1\" \/>\n<link rel=\"canonical\" href=\"https:\/\/www.in516ht.com\/de\/snowflake-services\/beschleunigen-sie-ihren-weg-zur-cloud\/\" \/>\n<meta property=\"og:locale\" content=\"de_DE\" \/>\n<meta property=\"og:type\" content=\"article\" \/>\n<meta property=\"og:title\" content=\"Beschleunigen Sie Ihren Weg zur Cloud - IN516HT\" \/>\n<meta property=\"og:description\" content=\"Starten Sie Ihre Snowflake-Reise Bereiten Sie sich auf den Start vor Aufwandssch\u00e4tzung Zweitmeinung Snowflake POC Qualit\u00e4tssicherung Identifizieren Sie neue Anwendungsf\u00e4lle Beschleunigen Sie Ihren Weg zur Cloud #8 Beschleunigen Sie Ihren Weg zur Cloud Entwickelt in unserem Innovationslabor Wir haben die verschiedenen M\u00f6glichkeiten, unsere Projekte zu beschleunigen, immer wieder infrage gestellt, getestet und neu bewertet. Wie [&hellip;]\" \/>\n<meta property=\"og:url\" content=\"https:\/\/www.in516ht.com\/de\/snowflake-services\/beschleunigen-sie-ihren-weg-zur-cloud\/\" \/>\n<meta property=\"og:site_name\" content=\"IN516HT\" \/>\n<meta property=\"article:modified_time\" content=\"2022-06-23T07:33:42+00:00\" \/>\n<meta property=\"og:image\" content=\"https:\/\/in516ht.com\/insight-website\/wp-content\/uploads\/2021\/09\/Beschleunigen-Sie-Ihren-Weg-zur-Cloud.svg\" \/>\n<meta name=\"twitter:card\" content=\"summary_large_image\" \/>\n<meta name=\"twitter:label1\" content=\"Est. reading time\" \/>\n\t<meta name=\"twitter:data1\" content=\"2 minutes\" \/>\n<script type=\"application\/ld+json\" class=\"yoast-schema-graph\">{\"@context\":\"https:\/\/schema.org\",\"@graph\":[{\"@type\":\"WebPage\",\"@id\":\"https:\/\/www.in516ht.com\/de\/snowflake-services\/beschleunigen-sie-ihren-weg-zur-cloud\/\",\"url\":\"https:\/\/www.in516ht.com\/de\/snowflake-services\/beschleunigen-sie-ihren-weg-zur-cloud\/\",\"name\":\"Beschleunigen Sie Ihren Weg zur Cloud - IN516HT\",\"isPartOf\":{\"@id\":\"https:\/\/in516ht.com\/#website\"},\"datePublished\":\"2021-09-09T09:31:10+00:00\",\"dateModified\":\"2022-06-23T07:33:42+00:00\",\"breadcrumb\":{\"@id\":\"https:\/\/www.in516ht.com\/de\/snowflake-services\/beschleunigen-sie-ihren-weg-zur-cloud\/#breadcrumb\"},\"inLanguage\":\"de-DE\",\"potentialAction\":[{\"@type\":\"ReadAction\",\"target\":[\"https:\/\/www.in516ht.com\/de\/snowflake-services\/beschleunigen-sie-ihren-weg-zur-cloud\/\"]}]},{\"@type\":\"BreadcrumbList\",\"@id\":\"https:\/\/www.in516ht.com\/de\/snowflake-services\/beschleunigen-sie-ihren-weg-zur-cloud\/#breadcrumb\",\"itemListElement\":[{\"@type\":\"ListItem\",\"position\":1,\"name\":\"Home\",\"item\":\"https:\/\/in516ht.com\/de\/\"},{\"@type\":\"ListItem\",\"position\":2,\"name\":\"Snowflake services\",\"item\":\"https:\/\/in516ht.com\/de\/snowflake-services\/\"},{\"@type\":\"ListItem\",\"position\":3,\"name\":\"Beschleunigen Sie Ihren Weg zur Cloud\"}]},{\"@type\":\"WebSite\",\"@id\":\"https:\/\/in516ht.com\/#website\",\"url\":\"https:\/\/in516ht.com\/\",\"name\":\"IN516HT\",\"description\":\"\",\"potentialAction\":[{\"@type\":\"SearchAction\",\"target\":{\"@type\":\"EntryPoint\",\"urlTemplate\":\"https:\/\/in516ht.com\/?s={search_term_string}\"},\"query-input\":\"required name=search_term_string\"}],\"inLanguage\":\"de-DE\"}]}<\/script>\n<!-- \/ Yoast SEO plugin. -->","yoast_head_json":{"title":"Beschleunigen Sie Ihren Weg zur Cloud - IN516HT","robots":{"index":"index","follow":"follow","max-snippet":"max-snippet:-1","max-image-preview":"max-image-preview:large","max-video-preview":"max-video-preview:-1"},"canonical":"https:\/\/www.in516ht.com\/de\/snowflake-services\/beschleunigen-sie-ihren-weg-zur-cloud\/","og_locale":"de_DE","og_type":"article","og_title":"Beschleunigen Sie Ihren Weg zur Cloud - IN516HT","og_description":"Starten Sie Ihre Snowflake-Reise Bereiten Sie sich auf den Start vor Aufwandssch\u00e4tzung Zweitmeinung Snowflake POC Qualit\u00e4tssicherung Identifizieren Sie neue Anwendungsf\u00e4lle Beschleunigen Sie Ihren Weg zur Cloud #8 Beschleunigen Sie Ihren Weg zur Cloud Entwickelt in unserem Innovationslabor Wir haben die verschiedenen M\u00f6glichkeiten, unsere Projekte zu beschleunigen, immer wieder infrage gestellt, getestet und neu bewertet. Wie [&hellip;]","og_url":"https:\/\/www.in516ht.com\/de\/snowflake-services\/beschleunigen-sie-ihren-weg-zur-cloud\/","og_site_name":"IN516HT","article_modified_time":"2022-06-23T07:33:42+00:00","og_image":[{"url":"https:\/\/in516ht.com\/insight-website\/wp-content\/uploads\/2021\/09\/Beschleunigen-Sie-Ihren-Weg-zur-Cloud.svg"}],"twitter_card":"summary_large_image","twitter_misc":{"Est. reading time":"2 minutes"},"schema":{"@context":"https:\/\/schema.org","@graph":[{"@type":"WebPage","@id":"https:\/\/www.in516ht.com\/de\/snowflake-services\/beschleunigen-sie-ihren-weg-zur-cloud\/","url":"https:\/\/www.in516ht.com\/de\/snowflake-services\/beschleunigen-sie-ihren-weg-zur-cloud\/","name":"Beschleunigen Sie Ihren Weg zur Cloud - IN516HT","isPartOf":{"@id":"https:\/\/in516ht.com\/#website"},"datePublished":"2021-09-09T09:31:10+00:00","dateModified":"2022-06-23T07:33:42+00:00","breadcrumb":{"@id":"https:\/\/www.in516ht.com\/de\/snowflake-services\/beschleunigen-sie-ihren-weg-zur-cloud\/#breadcrumb"},"inLanguage":"de-DE","potentialAction":[{"@type":"ReadAction","target":["https:\/\/www.in516ht.com\/de\/snowflake-services\/beschleunigen-sie-ihren-weg-zur-cloud\/"]}]},{"@type":"BreadcrumbList","@id":"https:\/\/www.in516ht.com\/de\/snowflake-services\/beschleunigen-sie-ihren-weg-zur-cloud\/#breadcrumb","itemListElement":[{"@type":"ListItem","position":1,"name":"Home","item":"https:\/\/in516ht.com\/de\/"},{"@type":"ListItem","position":2,"name":"Snowflake services","item":"https:\/\/in516ht.com\/de\/snowflake-services\/"},{"@type":"ListItem","position":3,"name":"Beschleunigen Sie Ihren Weg zur Cloud"}]},{"@type":"WebSite","@id":"https:\/\/in516ht.com\/#website","url":"https:\/\/in516ht.com\/","name":"IN516HT","description":"","potentialAction":[{"@type":"SearchAction","target":{"@type":"EntryPoint","urlTemplate":"https:\/\/in516ht.com\/?s={search_term_string}"},"query-input":"required name=search_term_string"}],"inLanguage":"de-DE"}]}},"_links":{"self":[{"href":"https:\/\/www.in516ht.com\/de\/wp-json\/wp\/v2\/pages\/6390"}],"collection":[{"href":"https:\/\/www.in516ht.com\/de\/wp-json\/wp\/v2\/pages"}],"about":[{"href":"https:\/\/www.in516ht.com\/de\/wp-json\/wp\/v2\/types\/page"}],"author":[{"embeddable":true,"href":"https:\/\/www.in516ht.com\/de\/wp-json\/wp\/v2\/users\/1"}],"replies":[{"embeddable":true,"href":"https:\/\/www.in516ht.com\/de\/wp-json\/wp\/v2\/comments?post=6390"}],"version-history":[{"count":26,"href":"https:\/\/www.in516ht.com\/de\/wp-json\/wp\/v2\/pages\/6390\/revisions"}],"predecessor-version":[{"id":6994,"href":"https:\/\/www.in516ht.com\/de\/wp-json\/wp\/v2\/pages\/6390\/revisions\/6994"}],"up":[{"embeddable":true,"href":"https:\/\/www.in516ht.com\/de\/wp-json\/wp\/v2\/pages\/9122"}],"wp:attachment":[{"href":"https:\/\/www.in516ht.com\/de\/wp-json\/wp\/v2\/media?parent=6390"}],"curies":[{"name":"wp","href":"https:\/\/api.w.org\/{rel}","templated":true}]}}